{"id":159,"date":"2018-08-03T13:38:02","date_gmt":"2018-08-03T11:38:02","guid":{"rendered":"http:\/\/www.k-rogge.de\/spezialisten\/?page_id=159"},"modified":"2025-01-29T14:53:08","modified_gmt":"2025-01-29T13:53:08","slug":"stellenangebote","status":"publish","type":"page","link":"https:\/\/www.k-rogge.de\/spezialisten\/stellenangebote\/","title":{"rendered":"Stellenangebote"},"content":{"rendered":"<p>[et_pb_section fb_built=&#8220;1&#8243; module_id=&#8220;ro-logo-tr&#8220; _builder_version=&#8220;3.0.106&#8243; background_color=&#8220;rgba(51,51,51,0)&#8220; global_module=&#8220;165&#8243; global_colors_info=&#8220;{}&#8220;][et_pb_row make_equal=&#8220;on&#8220; _builder_version=&#8220;4.16&#8243; global_colors_info=&#8220;{}&#8220;][et_pb_column type=&#8220;4_4&#8243; _builder_version=&#8220;4.16&#8243; custom_padding=&#8220;|||&#8220; global_colors_info=&#8220;{}&#8220; custom_padding__hover=&#8220;|||&#8220;][et_pb_code admin_label=&#8220;Logo oben rechts&#8220; _builder_version=&#8220;4.16&#8243; global_colors_info=&#8220;{}&#8220;]<a href=\"https:\/\/www.k-rogge.de\/\"><img decoding=\"async\" src=\"https:\/\/www.k-rogge.de\/spezialisten\/wp-content\/uploads\/2018\/08\/logo-tr-120.gif\" alt=\"K. Rogge Spezialbau\" id=\"ro-logo-tr-img\" class=\"ro-logo-tr-img-not-scrolled\"><\/a>[\/et_pb_code][et_pb_code _builder_version=&#8220;4.16&#8243; text_orientation=&#8220;left&#8220; width=&#8220;80%&#8220; max_width=&#8220;1080px&#8220; global_colors_info=&#8220;{}&#8220;]<script><!-- [et_pb_line_break_holder] --><!-- [et_pb_line_break_holder] -->jQuery(window).scroll(function (event) {<!-- [et_pb_line_break_holder] --> var scroll = jQuery(window).scrollTop();<!-- [et_pb_line_break_holder] --> if (scroll > jQuery('#main-header').outerHeight()) {<!-- [et_pb_line_break_holder] --> if (jQuery('#wpadminbar').length) {<!-- [et_pb_line_break_holder] --> jQuery('#ro-logo-tr-img').addClass('ro-logo-tr-img-scrolled-admin');<!-- [et_pb_line_break_holder] --> }<!-- [et_pb_line_break_holder] --> else {<!-- [et_pb_line_break_holder] --> jQuery('#ro-logo-tr-img').addClass('ro-logo-tr-img-scrolled');<!-- [et_pb_line_break_holder] --> }<!-- [et_pb_line_break_holder] --><!-- [et_pb_line_break_holder] --> } else {<!-- [et_pb_line_break_holder] --> jQuery('#ro-logo-tr-img').removeClass('ro-logo-tr-img-scrolled');<!-- [et_pb_line_break_holder] --> jQuery('#ro-logo-tr-img').removeClass('ro-logo-tr-img-scrolled-admin');<!-- [et_pb_line_break_holder] --> }<!-- [et_pb_line_break_holder] -->});<!-- [et_pb_line_break_holder] --><!-- [et_pb_line_break_holder] --><\/script>[\/et_pb_code][\/et_pb_column][\/et_pb_row][\/et_pb_section][et_pb_section fb_built=&#8220;1&#8243; disabled_on=&#8220;off|off|&#8220; module_class=&#8220;ro-header&#8220; _builder_version=&#8220;4.16&#8243; background_color=&#8220;#f3f3f3&#8243; parallax=&#8220;on&#8220; module_alignment=&#8220;center&#8220; custom_padding=&#8220;0px|0px|21px|0px&#8220; global_colors_info=&#8220;{}&#8220;][et_pb_row column_structure=&#8220;2_3,1_3&#8243; use_custom_gutter=&#8220;on&#8220; gutter_width=&#8220;2&#8243; make_equal=&#8220;on&#8220; module_class=&#8220;ro-header-row&#8220; _builder_version=&#8220;4.16&#8243; width=&#8220;75%&#8220; max_width=&#8220;75%&#8220; use_custom_width=&#8220;on&#8220; width_unit=&#8220;off&#8220; custom_width_percent=&#8220;75%&#8220; global_colors_info=&#8220;{}&#8220;][et_pb_column type=&#8220;2_3&#8243; module_class=&#8220;ro-vertical-align&#8220; _builder_version=&#8220;4.16&#8243; custom_padding=&#8220;|||&#8220; global_colors_info=&#8220;{}&#8220; custom_padding__hover=&#8220;|||&#8220;][et_pb_text admin_label=&#8220;Header Text&#8220; module_class=&#8220;ro-header-text&#8220; _builder_version=&#8220;4.16&#8243; global_colors_info=&#8220;{}&#8220;]<\/p>\n<h2>JOBS &#038; <em style=\"color: #ff8700;\">KARRIERE<\/em><br \/>\nJETZT BEWERBEN<\/h2>\n<p>Du bist auf der<strong> Suche nach einer neuen Stelle?<\/strong> Dann bist du hier genau richtig! K. Rogge ist Branchenf\u00fchrer &#8211; und wir wollen es auch bleiben. Deswegen sind wir immer auf der Suche nach <strong>jungen Talenten und alten Hasen<\/strong>. Damit unsere Mitarbeiter nicht auf der Stelle tappen, bieten wir unseren Angestellten viele Weiterbildungs- und Aufstiegsm\u00f6glichkeiten. Wirf doch mal einen Blick auf unsere offenen Stellen &#8211; vielleicht ist ja <strong>was f\u00fcr dich dabei.<\/strong>[\/et_pb_text][\/et_pb_column][et_pb_column type=&#8220;1_3&#8243; module_class=&#8220;ro-vertical-align&#8220; _builder_version=&#8220;4.16&#8243; custom_padding=&#8220;|||&#8220; global_colors_info=&#8220;{}&#8220; custom_padding__hover=&#8220;|||&#8220;][et_pb_image src=&#8220;https:\/\/www.k-rogge.de\/spezialisten\/wp-content\/uploads\/2018\/07\/header-illu.png&#8220; align_tablet=&#8220;center&#8220; align_phone=&#8220;center&#8220; align_last_edited=&#8220;on|desktop&#8220; disabled_on=&#8220;on|on|off&#8220; admin_label=&#8220;Illustration Header&#8220; module_class=&#8220;ro-header-image-rechts&#8220; _builder_version=&#8220;4.16&#8243; global_colors_info=&#8220;{}&#8220;][\/et_pb_image][\/et_pb_column][\/et_pb_row][\/et_pb_section][et_pb_section fb_built=&#8220;1&#8243; _builder_version=&#8220;4.16&#8243; global_colors_info=&#8220;{}&#8220;][et_pb_row _builder_version=&#8220;4.16&#8243; global_colors_info=&#8220;{}&#8220;][et_pb_column type=&#8220;4_4&#8243; _builder_version=&#8220;4.16&#8243; custom_padding=&#8220;|||&#8220; global_colors_info=&#8220;{}&#8220; custom_padding__hover=&#8220;|||&#8220;][et_pb_toggle title=&#8220;Berufskraftfahrer (m\/w\/d) ab sofort&#8220; open_toggle_text_color=&#8220;#333333&#8243; open_toggle_background_color=&#8220;#ffffff&#8220; closed_toggle_text_color=&#8220;#333333&#8243; closed_toggle_background_color=&#8220;#ffffff&#8220; icon_color=&#8220;#ee7f01&#8243; open_icon_color=&#8220;#ee7f01&#8243; disabled_on=&#8220;off|off|off&#8220; admin_label=&#8220;Umschalter Jobs&#8220; _builder_version=&#8220;4.22.2&#8243; custom_margin=&#8220;0px||0px|&#8220; border_width_all=&#8220;0px&#8220; border_color_top=&#8220;#333333&#8243; border_width_bottom=&#8220;1px&#8220; border_color_bottom=&#8220;#333333&#8243; global_colors_info=&#8220;{}&#8220;]<\/p>\n<p>Wir suchen ab sofort <span style=\"color: #ff8700;\"><strong>Berufskraftfahrer <\/strong><\/span>f\u00fcr den Einsatz im Baustellenverkehr in und um Berlin.<\/p>\n<ul>\n<li>Festanstellung in einem erfolgreichen Mittelstand (Mo-Fr)<\/li>\n<li>Tarifbindung &#8211; bis zu 30 Urlaubstage pro Kalenderjahr<\/li>\n<li>Firmenfitness und arbeiten in einem dynamischen Team<\/li>\n<li>Moderne Fahrzeugflotte<\/li>\n<\/ul>\n<p><a href=\"https:\/\/www.k-rogge.de\/spezialisten\/wp-content\/uploads\/2024\/10\/krogge-berufskraftfahrer-stellenbeschreibung.pdf\"><span style=\"color: #ff8700;\">Download HIER:<\/span><\/a><\/p>\n<p><a href=\"https:\/\/www.k-rogge.de\/spezialisten\/wp-content\/uploads\/2025\/01\/krogge-berufskraftfahrer-stellenbeschreibung.pdf\">Stellenbeschreibung (PDF)<\/a><\/p>\n<p><span style=\"color: #ffff88;\"><\/span><\/p>\n<p>Bitte bewerben Sie sich schriftlich mit Anschreiben, Lebenslauf, dem Nachweis des Berufskraftfahrer (F\u00fchrerscheinklasse CE), Kranf\u00fchrerausweis und anderen aussagekr\u00e4ftigen Zeugnissen zur Berufserfahrung bei:<\/p>\n<p>K. Rogge Spezialbau GmbH<br \/>Personalabteilung<br \/>Saatwinkler Damm 13<br \/>13627 Berlin<\/p>\n<p>oder per E-Mail an <a href=\"mailto:bewerbung@k-rogge.de\">bewerbung@k-rogge.de<\/a> (unbedingt die Anlagen im PDF anf\u00fcgen)<\/p>\n<p>Wir freuen uns auf Ihre Bewerbung!<\/p>\n<p>[\/et_pb_toggle][et_pb_toggle title=&#8220;Innenputzer (m\/w\/d) ab sofort&#8220; open_toggle_text_color=&#8220;#333333&#8243; open_toggle_background_color=&#8220;#ffffff&#8220; closed_toggle_text_color=&#8220;#333333&#8243; closed_toggle_background_color=&#8220;#ffffff&#8220; icon_color=&#8220;#ee7f01&#8243; open_icon_color=&#8220;#ee7f01&#8243; admin_label=&#8220;Umschalter Jobs&#8220; _builder_version=&#8220;4.16&#8243; custom_margin=&#8220;0px||0px|&#8220; border_width_all=&#8220;0px&#8220; border_color_top=&#8220;#333333&#8243; border_width_bottom=&#8220;1px&#8220; border_color_bottom=&#8220;#333333&#8243; global_colors_info=&#8220;{}&#8220;]<\/p>\n<p>Wir suchen ab sofort <span style=\"color: #ff8700;\"><strong>Innenputzer<\/strong><\/span> im Bereich Hochbau zur Verst\u00e4rkung unserer Kolonnen bzw. auch als eigenst\u00e4ndige Kolonne.<\/p>\n<p>Bitte bewerben Sie sich schriftlich mit einem Bewerbungsanschreiben, einem detaillierten Lebenslauf, einem Gesellen-\/Facharbeiterbrief oder anderen aussagekr\u00e4ftigen Zeugnissen bei:<\/p>\n<p>K. Rogge Spezialbau GmbH<br \/>Personalabteilung<br \/>Saatwinkler Damm 13<br \/>13627 Berlin<\/p>\n<p>oder per E-Mail an <a href=\"mailto:bewerbung@k-rogge.de\">bewerbung@k-rogge.de<\/a> (unbedingt die Anlagen im PDF anf\u00fcgen)<\/p>\n<p>Wir freuen uns auf Ihre Bewerbung!<\/p>\n<p>[\/et_pb_toggle][et_pb_toggle title=&#8220;Fachkraft oder Helfer Stuckateur (m\/w\/d) ab sofort&#8220; open_toggle_text_color=&#8220;#333333&#8243; open_toggle_background_color=&#8220;#ffffff&#8220; closed_toggle_text_color=&#8220;#333333&#8243; closed_toggle_background_color=&#8220;#ffffff&#8220; icon_color=&#8220;#ee7f01&#8243; open_icon_color=&#8220;#ee7f01&#8243; admin_label=&#8220;Umschalter Jobs&#8220; _builder_version=&#8220;4.16&#8243; custom_margin=&#8220;0px||0px|&#8220; border_width_all=&#8220;0px&#8220; border_color_top=&#8220;#333333&#8243; border_width_bottom=&#8220;1px&#8220; border_color_bottom=&#8220;#333333&#8243; global_colors_info=&#8220;{}&#8220;]<\/p>\n<p>Zur Unterst\u00fctzung unseres Teams suchen wir ab sofort <strong><span style=\"color: #ff8700;\">Stuckateure <\/span><\/strong>f\u00fcr den Arbeitsort Berlin und Umland. Je nach Auftrag ist auch ein bundesweiter Einsatz m\u00f6glich.<\/p>\n<p><span style=\"text-decoration: underline;\">Ihre Aufgaben:<\/span><\/p>\n<p>&#8211; Verputzen von Decken\/W\u00e4nden im Innen- und Au\u00dfenbereich (Kalk-\/Zementputze, Gipsputze)<br \/>&#8211; Erstellen von abgeh\u00e4ngten Decken oder Gew\u00f6lben aus Rabitz<br \/>&#8211; Herstellen von Stuckgesimsen aus Gipsm\u00f6rtel sowie Kalkzementm\u00f6rtel inkl. Rabitzunterkonstruktionen, Schablonenbau etc.<br \/>&#8211; Abform-, Modellier- und Verputzarbeiten<br \/>&#8211; Ein weiteres Arbeitsfeld ist die W\u00e4rmed\u00e4mmung von Geb\u00e4uden, z. B. mit W\u00e4rmed\u00e4mmverbundsystemen.<\/p>\n<p><span style=\"text-decoration: underline;\">Ihr Profil:<\/span><\/p>\n<p>&#8211; Abgeschlossene Berufsausbildung als Stuckateur (m\/w\/d) und\/oder<br \/>&#8211; mehrj\u00e4hrige Erfahrung im Bereich Stuck (ohne Ausbildung)<br \/>&#8211; Einsatzbereitschaft, Zuverl\u00e4ssigkeit und Teamf\u00e4higkeit<br \/>&#8211; Handwerkliches Geschick<br \/>&#8211; Selbstst\u00e4ndige Arbeit<br \/>&#8211; F\u00fchrerschein Klasse B w\u00fcnschenswert (keine Bedingung)<\/p>\n<p><span style=\"text-decoration: underline;\">Was wir bieten:<\/span><\/p>\n<p>&#8211; Professionelle Einarbeitung<br \/>&#8211; Langfristige Perspektiven und Weiterentwicklungsm\u00f6glichkeiten<br \/>&#8211; Bereitstellung von Arbeitskleidung<br \/>&#8211; 30 Tage Tarifurlaub<br \/>&#8211; Firmenfitnessprogramm<\/p>\n<p>Haben Sie Interesse? Dann bewerben Sie sich bitte schriftlich mit einem Bewerbungsanschreiben, einem detaillierten Lebenslauf, einem Gesellen-\/Facharbeiterbrief oder anderen aussagekr\u00e4ftigen Zeugnissen bei:<\/p>\n<p>K. Rogge Spezialbau GmbH<br \/>Personalabteilung<br \/>Saatwinkler Damm 13<br \/>13627 Berlin<\/p>\n<p>oder per E-Mail an <a href=\"mailto:bewerbung@k-rogge.de\">bewerbung@k-rogge.de<\/a> (unbedingt die Anlagen im PDF anf\u00fcgen)<\/p>\n<p>Wir freuen uns auf Ihre Bewerbung!<\/p>\n<p>[\/et_pb_toggle][et_pb_toggle title=&#8220;Fachkraft oder Helfer Trockenbaumonteur (m\/w\/d) ab sofort&#8220; open_toggle_text_color=&#8220;#333333&#8243; open_toggle_background_color=&#8220;#ffffff&#8220; closed_toggle_text_color=&#8220;#333333&#8243; closed_toggle_background_color=&#8220;#ffffff&#8220; icon_color=&#8220;#ee7f01&#8243; open_icon_color=&#8220;#ee7f01&#8243; admin_label=&#8220;Umschalter Jobs&#8220; _builder_version=&#8220;4.16&#8243; custom_margin=&#8220;0px||0px|&#8220; border_width_all=&#8220;0px&#8220; border_color_top=&#8220;#333333&#8243; border_width_bottom=&#8220;1px&#8220; border_color_bottom=&#8220;#333333&#8243; global_colors_info=&#8220;{}&#8220;]<\/p>\n<p>Zur Unterst\u00fctzung unseres Teams suchen wir ab sofort\u00a0<span style=\"color: #ff8700;\"><strong>Trockenbaumonteure <\/strong><\/span>f\u00fcr den Arbeitsort Berlin und Umland. Je nach Auftrag ist auch ein bundesweiter Einsatz m\u00f6glich.<\/p>\n<p><span style=\"text-decoration: underline;\">Ihre Aufgaben:<\/span><\/p>\n<p>&#8211; Stellen von Leichtbauw\u00e4nden und Spachtelarbeiten<br \/>&#8211; Erstellen von abgeh\u00e4ngten Decken oder Gew\u00f6lben aus Gipskartonplatten<br \/>&#8211; Erstellen von Akustikdecken\/ Metalldecken, Hohlraumb\u00f6den uvm.<\/p>\n<p><span style=\"text-decoration: underline;\">Ihr Profil:<\/span><\/p>\n<p>&#8211; Abgeschlossene Berufsausbildung als Trockenbaumonteur (m\/w\/d) und\/oder<br \/>&#8211; mehrj\u00e4hrige Erfahrung im Bereich Trockenbau (ohne Ausbildung)<br \/>&#8211; Einsatzbereitschaft, Zuverl\u00e4ssigkeit und Teamf\u00e4higkeit<br \/>&#8211; Handwerkliches Geschick<br \/>&#8211; Selbstst\u00e4ndige Arbeit<br \/>&#8211; F\u00fchrerschein Klasse B w\u00fcnschenswert (keine Bedingung)<\/p>\n<p><span style=\"text-decoration: underline;\">Was wir bieten:<\/span><\/p>\n<p>&#8211; Professionelle Einarbeitung<br \/>&#8211; Langfristige Perspektiven und Weiterentwicklungsm\u00f6glichkeiten<br \/>&#8211; Bereitstellung von Arbeitskleidung<br \/>&#8211; 30 Tage Tarifurlaub<br \/>&#8211; Firmenfitnessprogramm<\/p>\n<p>Haben Sie Interesse? Dann bewerben Sie sich bitte schriftlich mit einem Bewerbungsanschreiben, einem detaillierten Lebenslauf, einem Gesellen-\/Facharbeiterbrief oder anderen aussagekr\u00e4ftigen Zeugnissen bei:<\/p>\n<p>K. Rogge Spezialbau GmbH<br \/>Personalabteilung<br \/>Saatwinkler Damm 13<br \/>13627 Berlin<\/p>\n<p>oder per E-Mail an <a href=\"mailto:bewerbung@k-rogge.de\">bewerbung@k-rogge.de<\/a> (unbedingt die Anlagen im PDF anf\u00fcgen)<\/p>\n<p>Wir freuen uns auf Ihre Bewerbung!<\/p>\n<p>[\/et_pb_toggle][et_pb_toggle title=&#8220;Bauleiter (m\/w\/d) ab sofort&#8220; open_toggle_text_color=&#8220;#333333&#8243; open_toggle_background_color=&#8220;#ffffff&#8220; closed_toggle_text_color=&#8220;#333333&#8243; closed_toggle_background_color=&#8220;#ffffff&#8220; icon_color=&#8220;#ee7f01&#8243; open_icon_color=&#8220;#ee7f01&#8243; admin_label=&#8220;Umschalter Jobs&#8220; _builder_version=&#8220;4.16&#8243; custom_margin=&#8220;0px||0px|&#8220; border_width_all=&#8220;0px&#8220; border_color_top=&#8220;#333333&#8243; border_width_bottom=&#8220;1px&#8220; border_color_bottom=&#8220;#333333&#8243; global_colors_info=&#8220;{}&#8220;]<\/p>\n<p>Wir suchen zur Verst\u00e4rkung unseres Teams <span style=\"color: #ff8700;\"><strong>eine\/n Bauleiter\/in<\/strong><\/span> mit Hochschul- oder Fachhochschulabschluss zum Dipl.-Bauingenieur\/in oder staatl. gepr. Hochbautechniker\/in.<\/p>\n<p>Ihr Einsatzbereich ist der Hochbau mit der Spezialisierung Ausbau. Zu Ihren Aufgaben geh\u00f6ren die Arbeitsvorbereitung und Bauleitung sowie das F\u00fchren von Mitarbeiter\/innen und die Koordination von Nachunternehmern. Ein Grundwissen in der Kalkulation, dem \u00f6konomischen, \u00f6kologischen und technisch fundierten Umgang mit Materialien wird vorausgesetzt.<\/p>\n<p>Als mittelst\u00e4ndisches Unternehmen haben wir uns seit unserer Gr\u00fcndung 1966 mit qualit\u00e4tsgerechten und kundenorientierten Spezialisierungen am Markt etabliert. Sollten wir Ihr Interesse geweckt haben, freuen wir uns auf Ihre aussagekr\u00e4ftigen Bewerbungsunterlagen. Ihre Bewerbung k\u00f6nnen Sie uns schriftlich oder per E-Mail an <a href=\"mailto:bewerbung@k-rogge.de\">bewerbung@k-rogge.de<\/a> zukommen lassen.<\/p>\n<p>[\/et_pb_toggle][\/et_pb_column][\/et_pb_row][\/et_pb_section][et_pb_section fb_built=&#8220;1&#8243; _builder_version=&#8220;3.0.106&#8243; background_color=&#8220;#323436&#8243; global_module=&#8220;62&#8243; global_colors_info=&#8220;{}&#8220;][et_pb_row column_structure=&#8220;1_4,1_4,1_4,1_4&#8243; make_equal=&#8220;on&#8220; _builder_version=&#8220;4.16&#8243; width=&#8220;85%&#8220; max_width=&#8220;85%&#8220; module_alignment=&#8220;center&#8220; use_custom_width=&#8220;on&#8220; width_unit=&#8220;off&#8220; custom_width_percent=&#8220;85%&#8220; global_colors_info=&#8220;{}&#8220;][et_pb_column type=&#8220;1_4&#8243; module_class=&#8220;ro-vertical-align&#8220; _builder_version=&#8220;4.16&#8243; custom_padding=&#8220;|||&#8220; global_colors_info=&#8220;{}&#8220; custom_padding__hover=&#8220;|||&#8220;][et_pb_text admin_label=&#8220;Adresse&#8220; module_class=&#8220;ro-footer&#8220; _builder_version=&#8220;4.16&#8243; background_layout=&#8220;dark&#8220; global_colors_info=&#8220;{}&#8220;]<\/p>\n<div style=\"margin: 0 auto;\"><span style=\"color: #ff8700;\">K. Rogge Spezialbau GmbH<\/span><\/p>\n<p>Saatwinkler Damm 13<br \/>13627 Berlin<\/p>\n<\/div>\n<p>[\/et_pb_text][\/et_pb_column][et_pb_column type=&#8220;1_4&#8243; module_class=&#8220;ro-vertical-align&#8220; _builder_version=&#8220;4.16&#8243; custom_padding=&#8220;|||&#8220; global_colors_info=&#8220;{}&#8220; custom_padding__hover=&#8220;|||&#8220;][et_pb_text admin_label=&#8220;Kontakt&#8220; module_class=&#8220;ro-footer&#8220; _builder_version=&#8220;4.16&#8243; background_layout=&#8220;dark&#8220; global_colors_info=&#8220;{}&#8220;]<\/p>\n<div style=\"margin: 0 auto;\"><span style=\"color: #ff8700;\">T <\/span> (030) 34 68 01 0<br \/><span style=\"color: #ff8700;\">F <\/span> (030) 34 52 96 1<br \/><span style=\"color: #ff8700;\">M <\/span> <a class=\"ro-footer-li-hover\" style=\"color: #ffffff;\" href=\"mailto:info@k-rogge.de\">info@k-rogge.de<\/a><\/div>\n<p>[\/et_pb_text][\/et_pb_column][et_pb_column type=&#8220;1_4&#8243; module_class=&#8220;ro-vertical-align&#8220; _builder_version=&#8220;4.16&#8243; custom_padding=&#8220;|||&#8220; global_colors_info=&#8220;{}&#8220; custom_padding__hover=&#8220;|||&#8220;][et_pb_code admin_label=&#8220;Social Icons&#8220; _builder_version=&#8220;4.22.2&#8243; text_orientation=&#8220;center&#8220; global_colors_info=&#8220;{}&#8220;]<a href=\"https:\/\/de-de.facebook.com\/kroggespezialbau\/\"><img decoding=\"async\" src=\"https:\/\/www.k-rogge.de\/spezialisten\/wp-content\/uploads\/2018\/08\/Facebook.svg\" alt=\"Facebook\" class=\"ro-footer-social-icon style-svg\" style=\"height: 46px\"><\/a><a href=\"https:\/\/www.instagram.com\/k.rogge_spezialbau_gmbh\/\"><img decoding=\"async\" src=\"https:\/\/www.k-rogge.de\/spezialisten\/wp-content\/uploads\/2018\/08\/Instagram.svg\" alt=\"Instagram\" class=\"ro-footer-social-icon style-svg\" style=\"height: 46px\"><\/a><a href=\"https:\/\/www.youtube.com\/channel\/UCZXUcOYt-Bz-VeYBNB8-SsA\"><img decoding=\"async\" src=\"https:\/\/www.k-rogge.de\/spezialisten\/wp-content\/uploads\/2018\/08\/Youtube.svg\" alt=\"Youtube\" class=\"ro-footer-social-icon style-svg\" style=\"height: 46px\"><\/a>[\/et_pb_code][\/et_pb_column][et_pb_column type=&#8220;1_4&#8243; module_class=&#8220;ro-vertical-align&#8220; _builder_version=&#8220;4.16&#8243; custom_padding=&#8220;|||&#8220; global_colors_info=&#8220;{}&#8220; custom_padding__hover=&#8220;|||&#8220;][et_pb_code _builder_version=&#8220;4.16&#8243; text_orientation=&#8220;left&#8220; width=&#8220;80%&#8220; max_width=&#8220;1080px&#8220; global_colors_info=&#8220;{}&#8220;]<img decoding=\"async\" src=\"https:\/\/www.k-rogge.de\/spezialisten\/wp-content\/uploads\/2018\/08\/rogge_wms_logo274x71.svg\" class=\"style-svg\">[\/et_pb_code][\/et_pb_column][\/et_pb_row][\/et_pb_section]<\/p>\n","protected":false},"excerpt":{"rendered":"<p>JOBS &#038; KARRIERE JETZT BEWERBEN Du bist auf der Suche nach einer neuen Stelle? Dann bist du hier genau richtig! K. Rogge ist Branchenf\u00fchrer &#8211; und wir wollen es auch bleiben. Deswegen sind wir immer auf der Suche nach jungen Talenten und alten Hasen. Damit unsere Mitarbeiter nicht auf der Stelle tappen, bieten wir unseren [&hellip;]<\/p>\n","protected":false},"author":1,"featured_media":0,"parent":0,"menu_order":0,"comment_status":"closed","ping_status":"closed","template":"","meta":{"_et_pb_use_builder":"on","_et_pb_old_content":"","_et_gb_content_width":"","inline_featured_image":false,"footnotes":""},"_links":{"self":[{"href":"https:\/\/www.k-rogge.de\/spezialisten\/wp-json\/wp\/v2\/pages\/159"}],"collection":[{"href":"https:\/\/www.k-rogge.de\/spezialisten\/wp-json\/wp\/v2\/pages"}],"about":[{"href":"https:\/\/www.k-rogge.de\/spezialisten\/wp-json\/wp\/v2\/types\/page"}],"author":[{"embeddable":true,"href":"https:\/\/www.k-rogge.de\/spezialisten\/wp-json\/wp\/v2\/users\/1"}],"replies":[{"embeddable":true,"href":"https:\/\/www.k-rogge.de\/spezialisten\/wp-json\/wp\/v2\/comments?post=159"}],"version-history":[{"count":40,"href":"https:\/\/www.k-rogge.de\/spezialisten\/wp-json\/wp\/v2\/pages\/159\/revisions"}],"predecessor-version":[{"id":791,"href":"https:\/\/www.k-rogge.de\/spezialisten\/wp-json\/wp\/v2\/pages\/159\/revisions\/791"}],"wp:attachment":[{"href":"https:\/\/www.k-rogge.de\/spezialisten\/wp-json\/wp\/v2\/media?parent=159"}],"curies":[{"name":"wp","href":"https:\/\/api.w.org\/{rel}","templated":true}]}}