{"id":293,"date":"2018-08-20T12:41:34","date_gmt":"2018-08-20T10:41:34","guid":{"rendered":"http:\/\/www.k-rogge.de\/spezialisten\/?page_id=293"},"modified":"2024-08-15T16:17:16","modified_gmt":"2024-08-15T14:17:16","slug":"ausbildung-industriekaufmann","status":"publish","type":"page","link":"https:\/\/www.k-rogge.de\/spezialisten\/ausbildung-industriekaufmann\/","title":{"rendered":"Ausbildung Industriekaufmann"},"content":{"rendered":"<p>[et_pb_section fb_built=&#8220;1&#8243; module_id=&#8220;ro-logo-tr&#8220; _builder_version=&#8220;3.0.106&#8243; background_color=&#8220;rgba(51,51,51,0)&#8220; global_module=&#8220;165&#8243; global_colors_info=&#8220;{}&#8220;][et_pb_row make_equal=&#8220;on&#8220; _builder_version=&#8220;4.16&#8243; global_colors_info=&#8220;{}&#8220;][et_pb_column type=&#8220;4_4&#8243; _builder_version=&#8220;4.16&#8243; custom_padding=&#8220;|||&#8220; global_colors_info=&#8220;{}&#8220; custom_padding__hover=&#8220;|||&#8220;][et_pb_code admin_label=&#8220;Logo oben rechts&#8220; _builder_version=&#8220;4.16&#8243; global_colors_info=&#8220;{}&#8220;]<a href=\"https:\/\/www.k-rogge.de\/\"><img decoding=\"async\" src=\"https:\/\/www.k-rogge.de\/spezialisten\/wp-content\/uploads\/2018\/08\/logo-tr-120.gif\" alt=\"K. Rogge Spezialbau\" id=\"ro-logo-tr-img\" class=\"ro-logo-tr-img-not-scrolled\"><\/a>[\/et_pb_code][et_pb_code _builder_version=&#8220;4.16&#8243; text_orientation=&#8220;left&#8220; width=&#8220;80%&#8220; max_width=&#8220;1080px&#8220; global_colors_info=&#8220;{}&#8220;]<script><!-- [et_pb_line_break_holder] --><!-- [et_pb_line_break_holder] -->jQuery(window).scroll(function (event) {<!-- [et_pb_line_break_holder] --> var scroll = jQuery(window).scrollTop();<!-- [et_pb_line_break_holder] --> if (scroll > jQuery('#main-header').outerHeight()) {<!-- [et_pb_line_break_holder] --> if (jQuery('#wpadminbar').length) {<!-- [et_pb_line_break_holder] --> jQuery('#ro-logo-tr-img').addClass('ro-logo-tr-img-scrolled-admin');<!-- [et_pb_line_break_holder] --> }<!-- [et_pb_line_break_holder] --> else {<!-- [et_pb_line_break_holder] --> jQuery('#ro-logo-tr-img').addClass('ro-logo-tr-img-scrolled');<!-- [et_pb_line_break_holder] --> }<!-- [et_pb_line_break_holder] --><!-- [et_pb_line_break_holder] --> } else {<!-- [et_pb_line_break_holder] --> jQuery('#ro-logo-tr-img').removeClass('ro-logo-tr-img-scrolled');<!-- [et_pb_line_break_holder] --> jQuery('#ro-logo-tr-img').removeClass('ro-logo-tr-img-scrolled-admin');<!-- [et_pb_line_break_holder] --> }<!-- [et_pb_line_break_holder] -->});<!-- [et_pb_line_break_holder] --><!-- [et_pb_line_break_holder] --><\/script>[\/et_pb_code][\/et_pb_column][\/et_pb_row][\/et_pb_section][et_pb_section fb_built=&#8220;1&#8243; custom_padding_last_edited=&#8220;on|phone&#8220; disabled_on=&#8220;on|on|off&#8220; _builder_version=&#8220;4.16&#8243; background_color=&#8220;#fdfdfd&#8220; custom_padding=&#8220;150px|0px|54px|0px&#8220; custom_padding_tablet=&#8220;20px|0px|54px|0px&#8220; custom_padding_phone=&#8220;&#8220; global_colors_info=&#8220;{}&#8220;][et_pb_row column_structure=&#8220;1_2,1_2&#8243; disabled_on=&#8220;off|off|off&#8220; _builder_version=&#8220;4.16&#8243; background_color=&#8220;#ffffff&#8220; module_alignment=&#8220;center&#8220; global_colors_info=&#8220;{}&#8220;][et_pb_column type=&#8220;1_2&#8243; _builder_version=&#8220;4.16&#8243; custom_padding=&#8220;|||&#8220; custom_css_main_element=&#8220;z-index: 2;&#8220; global_colors_info=&#8220;{}&#8220; custom_padding__hover=&#8220;|||&#8220;][et_pb_image src=&#8220;https:\/\/www.k-rogge.de\/spezialisten\/wp-content\/uploads\/2018\/09\/inustriekaufmann.png&#8220; align_tablet=&#8220;center&#8220; align_phone=&#8220;center&#8220; align_last_edited=&#8220;on|desktop&#8220; admin_label=&#8220;Bild (Desktop)&#8220; _builder_version=&#8220;4.16&#8243; custom_css_main_element=&#8220;margin-top: -93px;||margin-left: 20px !important;&#8220; always_center_on_mobile=&#8220;on&#8220; global_colors_info=&#8220;{}&#8220;][\/et_pb_image][\/et_pb_column][et_pb_column type=&#8220;1_2&#8243; _builder_version=&#8220;4.16&#8243; custom_padding=&#8220;|||&#8220; custom_css_main_element=&#8220;z-index: 1;&#8220; global_colors_info=&#8220;{}&#8220; custom_padding__hover=&#8220;|||&#8220;][et_pb_text admin_label=&#8220;H3 Ausbildung Industriekaufmann&#8220; _builder_version=&#8220;4.16&#8243; custom_css_main_element=&#8220;margin-top: -70px;&#8220; global_colors_info=&#8220;{}&#8220;]<\/p>\n<h3 style=\"font-style: normal;\">AUSBILDUNG<br \/>\n<em style=\"color: #ff8700;\">INDUSTRIEKAUFMANN\/ -FRAU<br \/>\n<\/em><\/h3>\n<p>[\/et_pb_text][et_pb_text admin_label=&#8220;Fakten \u00dcbersicht&#8220; module_class=&#8220;ro-shifet-red-box&#8220; _builder_version=&#8220;4.16&#8243; background_color=&#8220;#ff8700&#8243; background_layout=&#8220;dark&#8220; custom_css_main_element=&#8220;margin-right: 40px;&#8220; global_colors_info=&#8220;{}&#8220;]<\/p>\n<p><strong>Ausbildungsdauer<\/strong><br \/>Bis zu 3 Jahre. Dann bist du Industriekaufmann\/-frau.<\/p>\n<p><strong>Voraussetzungen<\/strong><br \/>&#8211; Mittlere Reife oder (Fach-) Abitur<br \/>&#8211; Zahlenaffinit\u00e4t, Interesse an der Bauwirtschaft, Zuverl\u00e4ssigkeit, Spa\u00df am Planen &amp; Arbeit im Team<\/p>\n<p><strong>Pr\u00fcfungen<br \/><\/strong>&#8211; Zwischenpr\u00fcfung zum Ende des 2. Lehrjahres<br \/>&#8211; Abschlusspr\u00fcfung am Ende des 3. Jahres<br \/>Mit Abschlussnote 2 oder besser hast du eine Festanstellung bei uns in der Tasche.<\/p>\n<p>[\/et_pb_text][\/et_pb_column][\/et_pb_row][et_pb_row column_structure=&#8220;2_3,1_3&#8243; _builder_version=&#8220;4.16&#8243; background_color=&#8220;#ffffff&#8220; background_size=&#8220;initial&#8220; background_position=&#8220;top_left&#8220; background_repeat=&#8220;repeat&#8220; global_colors_info=&#8220;{}&#8220; custom_margin=&#8220;|auto|-276px|auto||&#8220;][et_pb_column type=&#8220;2_3&#8243; _builder_version=&#8220;4.16&#8243; custom_padding=&#8220;|||&#8220; global_colors_info=&#8220;{}&#8220; custom_padding__hover=&#8220;|||&#8220;][et_pb_text module_class=&#8220;ro-text-box-padding&#8220; _builder_version=&#8220;4.16&#8243; global_colors_info=&#8220;{}&#8220; min_height=&#8220;661.7px&#8220;]Als Industriekaufmann lernst du, wie man den\u00a0<strong>Motor des Gesch\u00e4fts zum Schnurren<\/strong> bringst. Daf\u00fcr nimmst du unsere Abteilungen w\u00e4hrend deiner Ausbildung genau unter die Lupe. Du tauchst ein in die Welt des <strong>Einkaufs, Vertriebs<\/strong> und <strong>Personalwesens<\/strong> und lernst die Grundlagen von <strong>Marketing, Verwaltung<\/strong> und <strong>Kostenplanung.<\/strong><\/p>\n<p>Deswegen solltest du als werdender Kaufmann bei Worten wie &#8222;Mathe&#8220; und &#8222;Excel&#8220; weder instinktiv kreischen noch die Beine in die Hand nehmen wollen. Du wirst Angebote kalkulieren und verhandeln, Material einkaufen, Personal einteilen, Werbung schalten und Termine vereinbaren. Am Ende deiner Ausbildung machst du das alles mit links &#8211; und bist waschechter <strong>Kaufmann<\/strong> (oder: <strong>Kauffrau<\/strong>).<\/p>\n<p>Im Gegensatz zu unseren Stuckateuren und Trockenbaumonteuren schaltest und waltest du die<strong> meiste Zeit vom B\u00fcro aus<\/strong>. Das hei\u00dft aber nicht, dass Langeweile aufkommt: In den unterschiedlichen Abteilungen gibt es viel zu lernen. Was wird dir wohl am besten gefallen? Wenn du die Ausbildung abschlie\u00dft, zufrieden mit uns bist und wir mit dir, dann <strong>winkt dir eine feste Stelle.<\/strong><\/p>\n<p style=\"text-align: center; margin-top: 30px;\"><a class=\"ro-button-light\" href=\"mailto:bewerbung@k-rogge.de\" target=\"_blank\" rel=\"noopener\">JETZT BEWERBEN<\/a><\/p>\n<p>[\/et_pb_text][\/et_pb_column][et_pb_column type=&#8220;1_3&#8243; _builder_version=&#8220;4.16&#8243; custom_padding=&#8220;|||&#8220; global_colors_info=&#8220;{}&#8220; custom_padding__hover=&#8220;|||&#8220;][et_pb_button button_text=&#8220;PDF&#8220; _builder_version=&#8220;4.24.2&#8243; _module_preset=&#8220;default&#8220; button_url=&#8220;https:\/\/www.k-rogge.de\/spezialisten\/wp-content\/uploads\/2024\/08\/krogge-ausbildung-industriekaufmann-frau.pdf&#8220; url_new_window=&#8220;on&#8220; hover_enabled=&#8220;0&#8243; sticky_enabled=&#8220;0&#8243;][\/et_pb_button][\/et_pb_column][\/et_pb_row][et_pb_row _builder_version=&#8220;4.16&#8243; width_unit=&#8220;off&#8220; custom_width_percent=&#8220;100%&#8220; global_colors_info=&#8220;{}&#8220; column_structure=&#8220;1_5,1_5,1_5,1_5,1_5&#8243; min_height=&#8220;862.1px&#8220; custom_padding=&#8220;0px|||||&#8220; disabled_on=&#8220;on|on|on&#8220; disabled=&#8220;on&#8220;][et_pb_column _builder_version=&#8220;4.24.2&#8243; _module_preset=&#8220;default&#8220; type=&#8220;1_5&#8243;][\/et_pb_column][et_pb_column _builder_version=&#8220;4.24.2&#8243; _module_preset=&#8220;default&#8220; type=&#8220;1_5&#8243;][et_pb_text admin_label=&#8220;H3 Stuckateur Ausbildung (tablet)&#8220; _builder_version=&#8220;4.16&#8243; global_colors_info=&#8220;{}&#8220; disabled=&#8220;on&#8220; hover_enabled=&#8220;0&#8243; sticky_enabled=&#8220;0&#8243;]<\/p>\n<h2 style=\"font-style: normal;\">AUSBILDUNG <em style=\"color: #ff8700;\">INDUSTRIEKAUFMANN\/-FRAU<\/em><\/h2>\n<p>[\/et_pb_text][\/et_pb_column][et_pb_column _builder_version=&#8220;4.24.2&#8243; _module_preset=&#8220;default&#8220; type=&#8220;1_5&#8243;][et_pb_text disabled_on=&#8220;|on|&#8220; admin_label=&#8220;H3 Ausbildung Industriekaufmann (mobile)&#8220; _builder_version=&#8220;4.16&#8243; global_colors_info=&#8220;{}&#8220; width=&#8220;88.4%&#8220; custom_margin=&#8220;-709px|-747px|-583px|||&#8220; custom_padding=&#8220;|||0px||&#8220;]<\/p>\n<h2 style=\"font-style: normal;\">AUSBILDUNG<br \/>\n<em style=\"color: #ff8700;\">INDUSTRIEKAUFMANN\/-FRAU<\/em><\/h2>\n<p>[\/et_pb_text][\/et_pb_column][et_pb_column _builder_version=&#8220;4.24.2&#8243; _module_preset=&#8220;default&#8220; type=&#8220;1_5&#8243;][\/et_pb_column][et_pb_column type=&#8220;1_5&#8243; _builder_version=&#8220;4.16&#8243; custom_padding=&#8220;|||&#8220; global_colors_info=&#8220;{}&#8220; custom_padding__hover=&#8220;|||&#8220;][et_pb_image src=&#8220;https:\/\/www.k-rogge.de\/spezialisten\/wp-content\/uploads\/2018\/07\/rogge_illu-03.png&#8220; align_tablet=&#8220;center&#8220; align_phone=&#8220;center&#8220; align_last_edited=&#8220;on|desktop&#8220; _builder_version=&#8220;4.16&#8243; always_center_on_mobile=&#8220;on&#8220; global_colors_info=&#8220;{}&#8220; disabled_on=&#8220;on|on|on&#8220; disabled=&#8220;on&#8220;][\/et_pb_image][\/et_pb_column][\/et_pb_row][\/et_pb_section][et_pb_section fb_built=&#8220;1&#8243; disabled_on=&#8220;||on&#8220; _builder_version=&#8220;4.16&#8243; global_colors_info=&#8220;{}&#8220;][et_pb_row _builder_version=&#8220;4.16&#8243; width=&#8220;100%&#8220; max_width=&#8220;100%&#8220; make_fullwidth=&#8220;on&#8220; use_custom_width=&#8220;on&#8220; width_unit=&#8220;off&#8220; custom_width_px=&#8220;934px&#8220; custom_width_percent=&#8220;100%&#8220; global_colors_info=&#8220;{}&#8220;][et_pb_column type=&#8220;4_4&#8243; _builder_version=&#8220;4.16&#8243; custom_padding=&#8220;|||&#8220; global_colors_info=&#8220;{}&#8220; custom_padding__hover=&#8220;|||&#8220;][et_pb_text _builder_version=&#8220;4.16&#8243; background_color=&#8220;#ff8700&#8243; background_layout=&#8220;dark&#8220; custom_css_main_element=&#8220;padding: 10%&#8220; global_colors_info=&#8220;{}&#8220;]<strong>Ausbildungsdauer<\/strong><br \/>\n3 Jahre. Danach bist du Industriekaufmann\/frau<\/p>\n<p><strong>Voraussetzungen<\/strong><br \/>\n(Fach-) Abitur, Zuverl\u00e4ssigkeit, Zahlenaffinit\u00e4t, Spa\u00df am Planen<\/p>\n<p><strong>Pr\u00fcfungen<br \/>\n<\/strong>Zwischenpr\u00fcfung zum Ende des 2. Lehrjahres. Abschlusspr\u00fcfung am Ende des 3. Jahres. Mit Abschlussnote 2 oder besser hast du eine Festanstellung bei uns in der Tasche<br \/>\n[\/et_pb_text][\/et_pb_column][\/et_pb_row][et_pb_row _builder_version=&#8220;4.16&#8243; background_size=&#8220;initial&#8220; background_position=&#8220;top_left&#8220; background_repeat=&#8220;repeat&#8220; global_colors_info=&#8220;{}&#8220;][et_pb_column type=&#8220;4_4&#8243; _builder_version=&#8220;4.16&#8243; custom_padding=&#8220;|||&#8220; global_colors_info=&#8220;{}&#8220; custom_padding__hover=&#8220;|||&#8220;][et_pb_text _builder_version=&#8220;4.16&#8243; global_colors_info=&#8220;{}&#8220;]Als Industriekaufmann lernst du, wie man den\u00a0<strong>Motor des Gesch\u00e4fts zum Schnurren<\/strong> bringst. Daf\u00fcr nimmst du unsere Abteilungen w\u00e4hrend deiner Ausbildung genau unter die Lupe. Du tauchst ein in die Welt des <strong>Einkaufs, Vertriebs<\/strong> und <strong>Personalwesens<\/strong> und lernst die Grundlagen von <strong>Marketing, Verwaltung<\/strong> und <strong>Kostenplanung.<\/strong><\/p>\n<p>Deswegen solltest du als werdender Kaufmann bei Worten wie &#8222;Mathe&#8220; und &#8222;Excel&#8220; weder instinktiv kreischen noch die Beine in die Hand nehmen wollen. Du wirst Angebote kalkulieren und verhandeln, Material einkaufen, Personal einteilen, Werbung schalten und Termine vereinbaren. Am Ende deiner Ausbildung machst du das alles mit links &#8211; und bist waschechter <strong>Kaufmann<\/strong> (oder: <strong>Kauffrau<\/strong>).<\/p>\n<p>Im Gegensatz zu unseren Stuckateuren und Trockenbaumonteuren schaltest und waltest du die<strong> meiste Zeit vom B\u00fcro aus<\/strong>. Das hei\u00dft aber nicht, dass Langeweile aufkommt: In den unterschiedlichen Abteilungen gibt es viel zu lernen. Was wird dir wohl am besten gefallen? Wenn du die Ausbildung abschlie\u00dft, zufrieden mit uns bist und wir mit dir, dann <strong>winkt dir eine feste Stelle.<\/strong><\/p>\n<p style=\"text-align: center; margin-top: 30px;\"><a class=\"ro-button-light\" href=\"mailto:bewerbung@k-rogge.de\" target=\"_blank\" rel=\"noopener\">JETZT BEWERBEN<\/a><\/p>\n<p>[\/et_pb_text][\/et_pb_column][\/et_pb_row][\/et_pb_section][et_pb_section fb_built=&#8220;1&#8243; module_class=&#8220;ro-expectations-section&#8220; _builder_version=&#8220;4.16&#8243; background_color=&#8220;#fdfdfd&#8220; custom_padding=&#8220;0px|0px|0px|0px&#8220; global_colors_info=&#8220;{}&#8220;][et_pb_row _builder_version=&#8220;4.16&#8243; custom_padding=&#8220;0|0px|27px|0px&#8220; global_colors_info=&#8220;{}&#8220;][et_pb_column type=&#8220;4_4&#8243; _builder_version=&#8220;4.16&#8243; custom_padding=&#8220;|||&#8220; global_colors_info=&#8220;{}&#8220; custom_padding__hover=&#8220;|||&#8220;][et_pb_text module_class=&#8220;ro-text-box-padding ro-expectations&#8220; _builder_version=&#8220;4.16&#8243; background_color=&#8220;#f3f3f3&#8243; global_colors_info=&#8220;{}&#8220;]<\/p>\n<h3 class=\"ro-normal\"><em style=\"color: #ff8700;\">WIR<\/em> ERWARTEN VON DIR:<\/h3>\n<ul>\n<li><strong>Einsatzbereitschaft.\u00a0<\/strong>Und keine Scheu davor, kr\u00e4ftig anzupacken.<\/li>\n<li><strong>Wissensdurst.\u00a0<\/strong>Und den Willen, dich weiterzuentwickeln.<\/li>\n<li><strong>Zuverl\u00e4ssigkeit.<\/strong>\u00a0Und einen funktionierenden Wecker. Ganz wichtig.<\/li>\n<\/ul>\n<p><img decoding=\"async\" class=\"ro-expectations-img\" src=\"https:\/\/www.k-rogge.de\/spezialisten\/wp-content\/uploads\/2018\/07\/body-illu.png\" alt=\"K.Rogge Mitarbeiter\" \/><br \/>\n[\/et_pb_text][\/et_pb_column][\/et_pb_row][\/et_pb_section][et_pb_section fb_built=&#8220;1&#8243; _builder_version=&#8220;4.16&#8243; global_colors_info=&#8220;{}&#8220;][et_pb_row column_structure=&#8220;1_4,1_4,1_4,1_4&#8243; _builder_version=&#8220;4.16&#8243; background_size=&#8220;initial&#8220; background_position=&#8220;top_left&#8220; background_repeat=&#8220;repeat&#8220; custom_padding=&#8220;27px|0px|50px|0px&#8220; global_colors_info=&#8220;{}&#8220;][et_pb_column type=&#8220;1_4&#8243; _builder_version=&#8220;4.16&#8243; custom_padding=&#8220;|||&#8220; global_colors_info=&#8220;{}&#8220; custom_padding__hover=&#8220;|||&#8220;][et_pb_image src=&#8220;https:\/\/www.k-rogge.de\/spezialisten\/wp-content\/uploads\/2018\/08\/logo-ihk.png&#8220; url=&#8220;https:\/\/www.ihk-berlin.de\/&#8220; url_new_window=&#8220;on&#8220; align_tablet=&#8220;center&#8220; align_phone=&#8220;center&#8220; align_last_edited=&#8220;on|desktop&#8220; admin_label=&#8220;IHK&#8220; _builder_version=&#8220;4.16&#8243; global_colors_info=&#8220;{}&#8220;][\/et_pb_image][\/et_pb_column][et_pb_column type=&#8220;1_4&#8243; _builder_version=&#8220;4.16&#8243; custom_padding=&#8220;|||&#8220; global_colors_info=&#8220;{}&#8220; custom_padding__hover=&#8220;|||&#8220;][et_pb_image src=&#8220;https:\/\/www.k-rogge.de\/spezialisten\/wp-content\/uploads\/2018\/08\/logo-handwerkskammer.png&#8220; url=&#8220;https:\/\/www.hwk-berlin.de\/&#8220; url_new_window=&#8220;on&#8220; align_tablet=&#8220;center&#8220; align_phone=&#8220;center&#8220; align_last_edited=&#8220;on|desktop&#8220; admin_label=&#8220;Handwerkskammer&#8220; _builder_version=&#8220;4.16&#8243; global_colors_info=&#8220;{}&#8220;][\/et_pb_image][\/et_pb_column][et_pb_column type=&#8220;1_4&#8243; _builder_version=&#8220;4.16&#8243; custom_padding=&#8220;|||&#8220; global_colors_info=&#8220;{}&#8220; custom_padding__hover=&#8220;|||&#8220;][et_pb_image src=&#8220;https:\/\/www.k-rogge.de\/spezialisten\/wp-content\/uploads\/2018\/08\/logo-fg-bau.png&#8220; url=&#8220;https:\/\/fg-bau.de\/&#8220; url_new_window=&#8220;on&#8220; align_tablet=&#8220;center&#8220; align_phone=&#8220;center&#8220; align_last_edited=&#8220;on|desktop&#8220; admin_label=&#8220;FG Bau&#8220; _builder_version=&#8220;4.16&#8243; global_colors_info=&#8220;{}&#8220;][\/et_pb_image][\/et_pb_column][et_pb_column type=&#8220;1_4&#8243; _builder_version=&#8220;4.16&#8243; custom_padding=&#8220;|||&#8220; global_colors_info=&#8220;{}&#8220; custom_padding__hover=&#8220;|||&#8220;][et_pb_image src=&#8220;https:\/\/www.k-rogge.de\/spezialisten\/wp-content\/uploads\/2018\/08\/logo-lbh.png&#8220; url=&#8220;https:\/\/www.lehrbauhof-berlin.de\/&#8220; url_new_window=&#8220;on&#8220; align_tablet=&#8220;center&#8220; align_phone=&#8220;center&#8220; align_last_edited=&#8220;on|desktop&#8220; admin_label=&#8220;Lehrbauhof&#8220; _builder_version=&#8220;4.16&#8243; global_colors_info=&#8220;{}&#8220;][\/et_pb_image][\/et_pb_column][\/et_pb_row][et_pb_row _builder_version=&#8220;4.16&#8243; background_size=&#8220;initial&#8220; background_position=&#8220;top_left&#8220; background_repeat=&#8220;repeat&#8220; global_colors_info=&#8220;{}&#8220;][et_pb_column type=&#8220;4_4&#8243; _builder_version=&#8220;4.16&#8243; custom_padding=&#8220;|||&#8220; global_colors_info=&#8220;{}&#8220; custom_padding__hover=&#8220;|||&#8220;][et_pb_text admin_label=&#8220;H3 Bewirb dich jetzt&#8220; _builder_version=&#8220;4.16&#8243; global_colors_info=&#8220;{}&#8220;]<\/p>\n<h3 class=\"ro-normal\">BEWIRB DICH JETZT UM<br \/>\n<em style=\"color: #ff8700;\">EINEN AUSBILDUNGSPLATZ<\/em><\/h3>\n<p>[\/et_pb_text][et_pb_image src=&#8220;https:\/\/www.k-rogge.de\/spezialisten\/wp-content\/uploads\/2018\/08\/formular.jpg&#8220; url=&#8220;mailto:bewerbung@k-rogge.de&#8220; show_bottom_space=&#8220;off&#8220; align=&#8220;center&#8220; align_tablet=&#8220;center&#8220; align_phone=&#8220;center&#8220; align_last_edited=&#8220;on|desktop&#8220; admin_label=&#8220;Formular&#8220; _builder_version=&#8220;4.16&#8243; global_colors_info=&#8220;{}&#8220;][\/et_pb_image][\/et_pb_column][\/et_pb_row][\/et_pb_section][et_pb_section fb_built=&#8220;1&#8243; _builder_version=&#8220;3.0.106&#8243; background_color=&#8220;#323436&#8243; global_module=&#8220;62&#8243; global_colors_info=&#8220;{}&#8220;][et_pb_row column_structure=&#8220;1_4,1_4,1_4,1_4&#8243; make_equal=&#8220;on&#8220; _builder_version=&#8220;4.16&#8243; width=&#8220;85%&#8220; max_width=&#8220;85%&#8220; module_alignment=&#8220;center&#8220; use_custom_width=&#8220;on&#8220; width_unit=&#8220;off&#8220; custom_width_percent=&#8220;85%&#8220; global_colors_info=&#8220;{}&#8220;][et_pb_column type=&#8220;1_4&#8243; module_class=&#8220;ro-vertical-align&#8220; _builder_version=&#8220;4.16&#8243; custom_padding=&#8220;|||&#8220; global_colors_info=&#8220;{}&#8220; custom_padding__hover=&#8220;|||&#8220;][et_pb_text admin_label=&#8220;Adresse&#8220; module_class=&#8220;ro-footer&#8220; _builder_version=&#8220;4.16&#8243; background_layout=&#8220;dark&#8220; global_colors_info=&#8220;{}&#8220;]<\/p>\n<div style=\"margin: 0 auto;\"><span style=\"color: #ff8700;\">K. Rogge Spezialbau GmbH<\/span><\/p>\n<p>Saatwinkler Damm 13<br \/>13627 Berlin<\/p>\n<\/div>\n<p>[\/et_pb_text][\/et_pb_column][et_pb_column type=&#8220;1_4&#8243; module_class=&#8220;ro-vertical-align&#8220; _builder_version=&#8220;4.16&#8243; custom_padding=&#8220;|||&#8220; global_colors_info=&#8220;{}&#8220; custom_padding__hover=&#8220;|||&#8220;][et_pb_text admin_label=&#8220;Kontakt&#8220; module_class=&#8220;ro-footer&#8220; _builder_version=&#8220;4.16&#8243; background_layout=&#8220;dark&#8220; global_colors_info=&#8220;{}&#8220;]<\/p>\n<div style=\"margin: 0 auto;\"><span style=\"color: #ff8700;\">T <\/span> (030) 34 68 01 0<br \/><span style=\"color: #ff8700;\">F <\/span> (030) 34 52 96 1<br \/><span style=\"color: #ff8700;\">M <\/span> <a class=\"ro-footer-li-hover\" style=\"color: #ffffff;\" href=\"mailto:info@k-rogge.de\">info@k-rogge.de<\/a><\/div>\n<p>[\/et_pb_text][\/et_pb_column][et_pb_column type=&#8220;1_4&#8243; module_class=&#8220;ro-vertical-align&#8220; _builder_version=&#8220;4.16&#8243; custom_padding=&#8220;|||&#8220; global_colors_info=&#8220;{}&#8220; custom_padding__hover=&#8220;|||&#8220;][et_pb_code admin_label=&#8220;Social Icons&#8220; _builder_version=&#8220;4.22.2&#8243; text_orientation=&#8220;center&#8220; global_colors_info=&#8220;{}&#8220;]<a href=\"https:\/\/de-de.facebook.com\/kroggespezialbau\/\"><img decoding=\"async\" src=\"https:\/\/www.k-rogge.de\/spezialisten\/wp-content\/uploads\/2018\/08\/Facebook.svg\" alt=\"Facebook\" class=\"ro-footer-social-icon style-svg\" style=\"height: 46px\"><\/a><a href=\"https:\/\/www.instagram.com\/k.rogge_spezialbau_gmbh\/\"><img decoding=\"async\" src=\"https:\/\/www.k-rogge.de\/spezialisten\/wp-content\/uploads\/2018\/08\/Instagram.svg\" alt=\"Instagram\" class=\"ro-footer-social-icon style-svg\" style=\"height: 46px\"><\/a><a href=\"https:\/\/www.youtube.com\/channel\/UCZXUcOYt-Bz-VeYBNB8-SsA\"><img decoding=\"async\" src=\"https:\/\/www.k-rogge.de\/spezialisten\/wp-content\/uploads\/2018\/08\/Youtube.svg\" alt=\"Youtube\" class=\"ro-footer-social-icon style-svg\" style=\"height: 46px\"><\/a>[\/et_pb_code][\/et_pb_column][et_pb_column type=&#8220;1_4&#8243; module_class=&#8220;ro-vertical-align&#8220; _builder_version=&#8220;4.16&#8243; custom_padding=&#8220;|||&#8220; global_colors_info=&#8220;{}&#8220; custom_padding__hover=&#8220;|||&#8220;][et_pb_code _builder_version=&#8220;4.16&#8243; text_orientation=&#8220;left&#8220; width=&#8220;80%&#8220; max_width=&#8220;1080px&#8220; global_colors_info=&#8220;{}&#8220;]<img decoding=\"async\" src=\"https:\/\/www.k-rogge.de\/spezialisten\/wp-content\/uploads\/2018\/08\/rogge_wms_logo274x71.svg\" class=\"style-svg\">[\/et_pb_code][\/et_pb_column][\/et_pb_row][\/et_pb_section]<\/p>\n","protected":false},"excerpt":{"rendered":"<p>AUSBILDUNG INDUSTRIEKAUFMANN\/ -FRAU AusbildungsdauerBis zu 3 Jahre. Dann bist du Industriekaufmann\/-frau. Voraussetzungen- Mittlere Reife oder (Fach-) Abitur- Zahlenaffinit\u00e4t, Interesse an der Bauwirtschaft, Zuverl\u00e4ssigkeit, Spa\u00df am Planen &amp; Arbeit im Team Pr\u00fcfungen- Zwischenpr\u00fcfung zum Ende des 2. Lehrjahres- Abschlusspr\u00fcfung am Ende des 3. JahresMit Abschlussnote 2 oder besser hast du eine Festanstellung bei uns in der [&hellip;]<\/p>\n","protected":false},"author":1,"featured_media":0,"parent":0,"menu_order":0,"comment_status":"closed","ping_status":"closed","template":"","meta":{"_et_pb_use_builder":"on","_et_pb_old_content":"","_et_gb_content_width":"","inline_featured_image":false,"footnotes":""},"_links":{"self":[{"href":"https:\/\/www.k-rogge.de\/spezialisten\/wp-json\/wp\/v2\/pages\/293"}],"collection":[{"href":"https:\/\/www.k-rogge.de\/spezialisten\/wp-json\/wp\/v2\/pages"}],"about":[{"href":"https:\/\/www.k-rogge.de\/spezialisten\/wp-json\/wp\/v2\/types\/page"}],"author":[{"embeddable":true,"href":"https:\/\/www.k-rogge.de\/spezialisten\/wp-json\/wp\/v2\/users\/1"}],"replies":[{"embeddable":true,"href":"https:\/\/www.k-rogge.de\/spezialisten\/wp-json\/wp\/v2\/comments?post=293"}],"version-history":[{"count":23,"href":"https:\/\/www.k-rogge.de\/spezialisten\/wp-json\/wp\/v2\/pages\/293\/revisions"}],"predecessor-version":[{"id":769,"href":"https:\/\/www.k-rogge.de\/spezialisten\/wp-json\/wp\/v2\/pages\/293\/revisions\/769"}],"wp:attachment":[{"href":"https:\/\/www.k-rogge.de\/spezialisten\/wp-json\/wp\/v2\/media?parent=293"}],"curies":[{"name":"wp","href":"https:\/\/api.w.org\/{rel}","templated":true}]}}