{"id":297,"date":"2018-08-20T12:43:47","date_gmt":"2018-08-20T10:43:47","guid":{"rendered":"http:\/\/www.k-rogge.de\/spezialisten\/?page_id=297"},"modified":"2023-06-01T06:23:06","modified_gmt":"2023-06-01T04:23:06","slug":"duales-studium-bauingenieur","status":"publish","type":"page","link":"https:\/\/www.k-rogge.de\/spezialisten\/duales-studium-bauingenieur\/","title":{"rendered":"Duales Studium Bauingenieur"},"content":{"rendered":"<p>[et_pb_section fb_built=&#8220;1&#8243; module_id=&#8220;ro-logo-tr&#8220; _builder_version=&#8220;3.0.106&#8243; background_color=&#8220;rgba(51,51,51,0)&#8220; global_module=&#8220;165&#8243; global_colors_info=&#8220;{}&#8220;][et_pb_row make_equal=&#8220;on&#8220; _builder_version=&#8220;4.16&#8243; global_colors_info=&#8220;{}&#8220;][et_pb_column type=&#8220;4_4&#8243; _builder_version=&#8220;4.16&#8243; custom_padding=&#8220;|||&#8220; global_colors_info=&#8220;{}&#8220; custom_padding__hover=&#8220;|||&#8220;][et_pb_code admin_label=&#8220;Logo oben rechts&#8220; _builder_version=&#8220;4.16&#8243; global_colors_info=&#8220;{}&#8220;]<a href=\"https:\/\/www.k-rogge.de\/\"><img decoding=\"async\" src=\"https:\/\/www.k-rogge.de\/spezialisten\/wp-content\/uploads\/2018\/08\/logo-tr-120.gif\" alt=\"K. Rogge Spezialbau\" id=\"ro-logo-tr-img\" class=\"ro-logo-tr-img-not-scrolled\"><\/a>[\/et_pb_code][et_pb_code _builder_version=&#8220;4.16&#8243; text_orientation=&#8220;left&#8220; width=&#8220;80%&#8220; max_width=&#8220;1080px&#8220; global_colors_info=&#8220;{}&#8220;]<script><!-- [et_pb_line_break_holder] --><!-- [et_pb_line_break_holder] -->jQuery(window).scroll(function (event) {<!-- [et_pb_line_break_holder] --> var scroll = jQuery(window).scrollTop();<!-- [et_pb_line_break_holder] --> if (scroll > jQuery('#main-header').outerHeight()) {<!-- [et_pb_line_break_holder] --> if (jQuery('#wpadminbar').length) {<!-- [et_pb_line_break_holder] --> jQuery('#ro-logo-tr-img').addClass('ro-logo-tr-img-scrolled-admin');<!-- [et_pb_line_break_holder] --> }<!-- [et_pb_line_break_holder] --> else {<!-- [et_pb_line_break_holder] --> jQuery('#ro-logo-tr-img').addClass('ro-logo-tr-img-scrolled');<!-- [et_pb_line_break_holder] --> }<!-- [et_pb_line_break_holder] --><!-- [et_pb_line_break_holder] --> } else {<!-- [et_pb_line_break_holder] --> jQuery('#ro-logo-tr-img').removeClass('ro-logo-tr-img-scrolled');<!-- [et_pb_line_break_holder] --> jQuery('#ro-logo-tr-img').removeClass('ro-logo-tr-img-scrolled-admin');<!-- [et_pb_line_break_holder] --> }<!-- [et_pb_line_break_holder] -->});<!-- [et_pb_line_break_holder] --><!-- [et_pb_line_break_holder] --><\/script>[\/et_pb_code][\/et_pb_column][\/et_pb_row][\/et_pb_section][et_pb_section fb_built=&#8220;1&#8243; custom_padding_last_edited=&#8220;on|phone&#8220; disabled_on=&#8220;on|on|off&#8220; _builder_version=&#8220;4.16&#8243; background_color=&#8220;#fdfdfd&#8220; custom_padding=&#8220;150px|0px|54px|0px&#8220; custom_padding_tablet=&#8220;20px|0px|54px|0px&#8220; custom_padding_phone=&#8220;&#8220; global_colors_info=&#8220;{}&#8220;][et_pb_row column_structure=&#8220;1_2,1_2&#8243; disabled_on=&#8220;off|off|off&#8220; _builder_version=&#8220;4.16&#8243; background_color=&#8220;#ffffff&#8220; module_alignment=&#8220;center&#8220; global_colors_info=&#8220;{}&#8220;][et_pb_column type=&#8220;1_2&#8243; _builder_version=&#8220;4.16&#8243; custom_padding=&#8220;|||&#8220; custom_css_main_element=&#8220;z-index: 2;&#8220; global_colors_info=&#8220;{}&#8220; custom_padding__hover=&#8220;|||&#8220;][et_pb_image src=&#8220;https:\/\/www.k-rogge.de\/spezialisten\/wp-content\/uploads\/2018\/08\/rogge_bauingenieur2.jpg&#8220; align_tablet=&#8220;center&#8220; align_phone=&#8220;center&#8220; align_last_edited=&#8220;on|desktop&#8220; admin_label=&#8220;Bild (Desktop)&#8220; _builder_version=&#8220;4.16&#8243; custom_css_main_element=&#8220;margin-top: -93px;||margin-left: 20px !important;&#8220; always_center_on_mobile=&#8220;on&#8220; global_colors_info=&#8220;{}&#8220;][\/et_pb_image][\/et_pb_column][et_pb_column type=&#8220;1_2&#8243; _builder_version=&#8220;4.16&#8243; custom_padding=&#8220;|||&#8220; custom_css_main_element=&#8220;z-index: 1;&#8220; global_colors_info=&#8220;{}&#8220; custom_padding__hover=&#8220;|||&#8220;][et_pb_text admin_label=&#8220;H3 Studium Bau-Ing&#8220; _builder_version=&#8220;4.16&#8243; custom_css_main_element=&#8220;margin-top: -70px;&#8220; global_colors_info=&#8220;{}&#8220;]<\/p>\n<h3 style=\"font-style: normal;\">DUALES STUDIUM<br \/>\n<em style=\"color: #ff8700;\">BAUINGENIEUR<\/em><\/h3>\n<p>[\/et_pb_text][et_pb_text admin_label=&#8220;Fakten \u00dcbersicht&#8220; module_class=&#8220;ro-shifet-red-box&#8220; _builder_version=&#8220;4.16&#8243; background_color=&#8220;#ff8700&#8243; background_layout=&#8220;dark&#8220; custom_css_main_element=&#8220;margin-right: 40px;&#8220; global_colors_info=&#8220;{}&#8220;]<strong>Studiendauer<\/strong><br \/>\nBachelor: 3 Jahre im dualen Studium<br \/>\nMaster: 2 Jahre als Werkstudent<\/p>\n<p><strong>Voraussetzungen<\/strong><br \/>\nBachelor: Abitur<br \/>\nMaster: Bachelor in einem artverwandten Studienfach<\/p>\n<p><strong>Pr\u00fcfungen<br \/>\n<\/strong>Die Studieng\u00e4nge beendest du mit dem Bestehen deiner Bachelor- bzw. Masterarbeit<br \/>\n[\/et_pb_text][\/et_pb_column][\/et_pb_row][et_pb_row column_structure=&#8220;2_3,1_3&#8243; _builder_version=&#8220;4.16&#8243; background_color=&#8220;#ffffff&#8220; background_size=&#8220;initial&#8220; background_position=&#8220;top_left&#8220; background_repeat=&#8220;repeat&#8220; global_colors_info=&#8220;{}&#8220;][et_pb_column type=&#8220;2_3&#8243; _builder_version=&#8220;4.16&#8243; custom_padding=&#8220;|||&#8220; global_colors_info=&#8220;{}&#8220; custom_padding__hover=&#8220;|||&#8220;][et_pb_text module_class=&#8220;ro-text-box-padding&#8220; _builder_version=&#8220;4.16&#8243; global_colors_info=&#8220;{}&#8220;]Ob Tunnel, Hochhaus, Kanal oder Flughafen: <strong>Als Bauingenieur planst du die Geb\u00e4ude von morgen.\u00a0<\/strong>Deine Arbeit beginnt im Kopf &#8211; und endet unterm Helm. Wenn die Planung steht und die Bagger rollen, z\u00fcckst du Schutzhelm und Aktentasche. Du reist von Bauvorhaben zu Bauvorhaben und bist je nach Phase fast t\u00e4glich dabei, wenn es h\u00e4mmert, bohrt und Funken fliegen. Als Baustellenleiter tr\u00e4gst du viel Verantwortung und beaufsichtigst den Baufortschritt.<\/p>\n<p>Aber nicht so schnell: Im Studium lernst du erstmal, wie du Statiken und Tragf\u00e4higkeiten berechnest, die richtigen Baustoffe ausw\u00e4hlst und alles, was du als werdender Bauingenieur noch wissen musst. Damit du <strong>mit dem Studium gl\u00fccklich<\/strong> wirst, sollten W\u00f6rter wie Mathe, Physik und Chemie dir keine Schwei\u00dfperlen auf die Stirn treiben. Im dualen Studium br\u00fctest du nicht nur Ideen in H\u00f6rs\u00e4len aus &#8211; du schnupperst auch regelm\u00e4\u00dfig Baustellenluft.<\/p>\n<p>Zwischen den Semestern sammelst du <strong>Praxiserfahrung auf verschiedenen Baustellen<\/strong>.\u00a0Um deiner Zukunft als F\u00fchrungskraft gewachsen zu sein, musst du schlie\u00dflich wissen, welchen Herausforderungen deine Kollegen sich tagt\u00e4glich stellen. Das ist dein gro\u00dfer Vorteil bei uns: Du paukst nicht nur schn\u00f6de Theorie, sondern sammelst Berufserfahrung &#8211; schon w\u00e4hrend des Studiums. Klingt gut? <strong>Bewirb dich noch heute<\/strong> und werde zum Baustellenleiter von morgen!<\/p>\n<p style=\"text-align: center; margin-top: 30px;\"><a class=\"ro-button-light\" href=\"mailto:bewerbung@k-rogge.de\" target=\"_blank\" rel=\"noopener\">JETZT BEWERBEN<\/a><\/p>\n<p>[\/et_pb_text][\/et_pb_column][et_pb_column type=&#8220;1_3&#8243; _builder_version=&#8220;4.16&#8243; custom_padding=&#8220;|||&#8220; global_colors_info=&#8220;{}&#8220; custom_padding__hover=&#8220;|||&#8220;][\/et_pb_column][\/et_pb_row][\/et_pb_section][et_pb_section fb_built=&#8220;1&#8243; disabled_on=&#8220;||on&#8220; _builder_version=&#8220;4.16&#8243; global_colors_info=&#8220;{}&#8220;][et_pb_row _builder_version=&#8220;4.16&#8243; width_unit=&#8220;off&#8220; custom_width_percent=&#8220;100%&#8220; global_colors_info=&#8220;{}&#8220;][et_pb_column type=&#8220;4_4&#8243; _builder_version=&#8220;4.16&#8243; custom_padding=&#8220;|||&#8220; global_colors_info=&#8220;{}&#8220; custom_padding__hover=&#8220;|||&#8220;][et_pb_text disabled_on=&#8220;|on|&#8220; admin_label=&#8220;H3 Bau-Ing (mobile)&#8220; _builder_version=&#8220;4.16&#8243; global_colors_info=&#8220;{}&#8220;]<\/p>\n<h2 style=\"font-style: normal;\">AUSBILDUNG<br \/>\n<em style=\"color: #ff8700;\">TROCKENBAUMONTEUR\/-IN<\/em><\/h2>\n<p>[\/et_pb_text][et_pb_text disabled_on=&#8220;on||&#8220; admin_label=&#8220;H3 Bau-Ing (tablet)&#8220; _builder_version=&#8220;4.16&#8243; text_orientation=&#8220;center&#8220; global_colors_info=&#8220;{}&#8220;]<\/p>\n<h2 style=\"font-style: normal;\">AUSBILDUNG<br \/>\n<em style=\"color: #ff8700;\">TROCKENBAUMONTEUR\/-IN<\/em><\/h2>\n<p>[\/et_pb_text][et_pb_image src=&#8220;https:\/\/www.k-rogge.de\/spezialisten\/wp-content\/uploads\/2018\/07\/rogge_illu-03.png&#8220; align_tablet=&#8220;center&#8220; align_phone=&#8220;center&#8220; align_last_edited=&#8220;on|desktop&#8220; _builder_version=&#8220;4.16&#8243; always_center_on_mobile=&#8220;on&#8220; global_colors_info=&#8220;{}&#8220;][\/et_pb_image][\/et_pb_column][\/et_pb_row][et_pb_row _builder_version=&#8220;4.16&#8243; width=&#8220;100%&#8220; max_width=&#8220;100%&#8220; make_fullwidth=&#8220;on&#8220; use_custom_width=&#8220;on&#8220; width_unit=&#8220;off&#8220; custom_width_px=&#8220;934px&#8220; custom_width_percent=&#8220;100%&#8220; global_colors_info=&#8220;{}&#8220;][et_pb_column type=&#8220;4_4&#8243; _builder_version=&#8220;4.16&#8243; custom_padding=&#8220;|||&#8220; global_colors_info=&#8220;{}&#8220; custom_padding__hover=&#8220;|||&#8220;][et_pb_text _builder_version=&#8220;4.16&#8243; background_color=&#8220;#ff8700&#8243; background_layout=&#8220;dark&#8220; custom_css_main_element=&#8220;padding: 10%&#8220; global_colors_info=&#8220;{}&#8220;]<strong>Studiendauer<\/strong><br \/>\nBachelor: 3 Jahre im dualen Studium<br \/>\nMaster: 2 Jahre als Werkstudent<\/p>\n<p><strong>Voraussetzungen<\/strong><br \/>\nBachelor: Abitur<br \/>\nMaster: Bachelor in einem artverwandten Studienfach<\/p>\n<p><strong>Pr\u00fcfungen<br \/>\n<\/strong>Die Studieng\u00e4nge beendest du mit dem Bestehen deiner Bachelor- bzw. Masterarbeit<br \/>\n[\/et_pb_text][\/et_pb_column][\/et_pb_row][et_pb_row _builder_version=&#8220;4.16&#8243; background_size=&#8220;initial&#8220; background_position=&#8220;top_left&#8220; background_repeat=&#8220;repeat&#8220; global_colors_info=&#8220;{}&#8220;][et_pb_column type=&#8220;4_4&#8243; _builder_version=&#8220;4.16&#8243; custom_padding=&#8220;|||&#8220; global_colors_info=&#8220;{}&#8220; custom_padding__hover=&#8220;|||&#8220;][et_pb_text _builder_version=&#8220;4.16&#8243; global_colors_info=&#8220;{}&#8220;]Ob Tunnel, Hochhaus, Kanal oder Flughafen: <strong>Als Bauingenieur planst du die Geb\u00e4ude von morgen.\u00a0<\/strong>Deine Arbeit beginnt im Kopf &#8211; und endet unterm Helm. Wenn die Planung steht und die Bagger rollen, z\u00fcckst du Schutzhelm und Aktentasche. Du reist von Bauvorhaben zu Bauvorhaben und bist je nach Phase fast t\u00e4glich dabei, wenn es h\u00e4mmert, bohrt und Funken fliegen. Als Baustellenleiter tr\u00e4gst du viel Verantwortung und beaufsichtigst den Baufortschritt.<\/p>\n<p>Aber nicht so schnell: Im Studium lernst du erstmal, wie du Statiken und Tragf\u00e4higkeiten berechnest, die richtigen Baustoffe ausw\u00e4hlst und alles, was du als werdender Bauingenieur noch wissen musst. Damit du <strong>mit dem Studium gl\u00fccklich<\/strong> wirst, sollten W\u00f6rter wie Mathe, Physik und Chemie dir keine Schwei\u00dfperlen auf die Stirn treiben. Im dualen Studium br\u00fctest du nicht nur Ideen in H\u00f6rs\u00e4len aus &#8211; du schnupperst auch regelm\u00e4\u00dfig Baustellenluft.<\/p>\n<p>Zwischen den Semestern sammelst du <strong>Praxiserfahrung auf verschiedenen Baustellen<\/strong>.\u00a0Um deiner Zukunft als F\u00fchrungskraft gewachsen zu sein, musst du schlie\u00dflich wissen, welchen Herausforderungen deine Kollegen sich tagt\u00e4glich stellen. Das ist dein gro\u00dfer Vorteil bei uns: Du paukst nicht nur schn\u00f6de Theorie, sondern sammelst Berufserfahrung &#8211; schon w\u00e4hrend des Studiums. Klingt gut? <strong>Bewirb dich noch heute<\/strong> und werde zum Baustellenleiter von morgen!<\/p>\n<p style=\"text-align: center; margin-top: 30px;\"><a class=\"ro-button-light\" href=\"mailto:bewerbung@k-rogge.de\" target=\"_blank\" rel=\"noopener\">JETZT BEWERBEN<\/a><\/p>\n<p>[\/et_pb_text][\/et_pb_column][\/et_pb_row][\/et_pb_section][et_pb_section fb_built=&#8220;1&#8243; module_class=&#8220;ro-expectations-section&#8220; _builder_version=&#8220;4.16&#8243; background_color=&#8220;#fdfdfd&#8220; custom_padding=&#8220;0px|0px|0px|0px&#8220; global_colors_info=&#8220;{}&#8220;][et_pb_row _builder_version=&#8220;4.16&#8243; custom_padding=&#8220;0|0px|27px|0px&#8220; global_colors_info=&#8220;{}&#8220;][et_pb_column type=&#8220;4_4&#8243; _builder_version=&#8220;4.16&#8243; custom_padding=&#8220;|||&#8220; global_colors_info=&#8220;{}&#8220; custom_padding__hover=&#8220;|||&#8220;][et_pb_text module_class=&#8220;ro-text-box-padding ro-expectations&#8220; _builder_version=&#8220;4.16&#8243; background_color=&#8220;#f3f3f3&#8243; global_colors_info=&#8220;{}&#8220;]<\/p>\n<h3 class=\"ro-normal\"><em style=\"color: #ff8700;\">WIR<\/em> ERWARTEN VON DIR:<\/h3>\n<ul>\n<li><strong>Einsatzbereitschaft.\u00a0<\/strong>Und keine Scheu davor, kr\u00e4ftig anzupacken.<\/li>\n<li><strong>Wissensdurst.\u00a0<\/strong>Und den Willen, dich weiterzuentwickeln.<\/li>\n<li><strong>Zuverl\u00e4ssigkeit.<\/strong>\u00a0Und einen funktionierenden Wecker. Ganz wichtig.<\/li>\n<\/ul>\n<p><img decoding=\"async\" class=\"ro-expectations-img\" src=\"https:\/\/www.k-rogge.de\/spezialisten\/wp-content\/uploads\/2018\/07\/body-illu.png\" alt=\"K.Rogge Mitarbeiter\" \/><br \/>\n[\/et_pb_text][\/et_pb_column][\/et_pb_row][\/et_pb_section][et_pb_section fb_built=&#8220;1&#8243; _builder_version=&#8220;4.16&#8243; global_colors_info=&#8220;{}&#8220;][et_pb_row column_structure=&#8220;1_4,1_4,1_4,1_4&#8243; _builder_version=&#8220;4.16&#8243; background_size=&#8220;initial&#8220; background_position=&#8220;top_left&#8220; background_repeat=&#8220;repeat&#8220; custom_padding=&#8220;27px|0px|50px|0px&#8220; global_colors_info=&#8220;{}&#8220;][et_pb_column type=&#8220;1_4&#8243; _builder_version=&#8220;4.16&#8243; custom_padding=&#8220;|||&#8220; global_colors_info=&#8220;{}&#8220; custom_padding__hover=&#8220;|||&#8220;][et_pb_image src=&#8220;https:\/\/www.k-rogge.de\/spezialisten\/wp-content\/uploads\/2018\/08\/logo-ihk.png&#8220; url=&#8220;https:\/\/www.ihk-berlin.de\/&#8220; url_new_window=&#8220;on&#8220; align_tablet=&#8220;center&#8220; align_phone=&#8220;center&#8220; align_last_edited=&#8220;on|desktop&#8220; admin_label=&#8220;IHK&#8220; _builder_version=&#8220;4.16&#8243; global_colors_info=&#8220;{}&#8220;][\/et_pb_image][\/et_pb_column][et_pb_column type=&#8220;1_4&#8243; _builder_version=&#8220;4.16&#8243; custom_padding=&#8220;|||&#8220; global_colors_info=&#8220;{}&#8220; custom_padding__hover=&#8220;|||&#8220;][et_pb_image src=&#8220;https:\/\/www.k-rogge.de\/spezialisten\/wp-content\/uploads\/2018\/08\/logo-handwerkskammer.png&#8220; url=&#8220;https:\/\/www.hwk-berlin.de\/&#8220; url_new_window=&#8220;on&#8220; align_tablet=&#8220;center&#8220; align_phone=&#8220;center&#8220; align_last_edited=&#8220;on|desktop&#8220; admin_label=&#8220;Handwerkskammer&#8220; _builder_version=&#8220;4.16&#8243; global_colors_info=&#8220;{}&#8220;][\/et_pb_image][\/et_pb_column][et_pb_column type=&#8220;1_4&#8243; _builder_version=&#8220;4.16&#8243; custom_padding=&#8220;|||&#8220; global_colors_info=&#8220;{}&#8220; custom_padding__hover=&#8220;|||&#8220;][et_pb_image src=&#8220;https:\/\/www.k-rogge.de\/spezialisten\/wp-content\/uploads\/2018\/08\/logo-fg-bau.png&#8220; url=&#8220;https:\/\/fg-bau.de\/&#8220; url_new_window=&#8220;on&#8220; align_tablet=&#8220;center&#8220; align_phone=&#8220;center&#8220; align_last_edited=&#8220;on|desktop&#8220; admin_label=&#8220;FG Bau&#8220; _builder_version=&#8220;4.16&#8243; global_colors_info=&#8220;{}&#8220;][\/et_pb_image][\/et_pb_column][et_pb_column type=&#8220;1_4&#8243; _builder_version=&#8220;4.16&#8243; custom_padding=&#8220;|||&#8220; global_colors_info=&#8220;{}&#8220; custom_padding__hover=&#8220;|||&#8220;][et_pb_image src=&#8220;https:\/\/www.k-rogge.de\/spezialisten\/wp-content\/uploads\/2018\/08\/logo-lbh.png&#8220; url=&#8220;https:\/\/www.lehrbauhof-berlin.de\/&#8220; url_new_window=&#8220;on&#8220; align_tablet=&#8220;center&#8220; align_phone=&#8220;center&#8220; align_last_edited=&#8220;on|desktop&#8220; admin_label=&#8220;Lehrbauhof&#8220; _builder_version=&#8220;4.16&#8243; global_colors_info=&#8220;{}&#8220;][\/et_pb_image][\/et_pb_column][\/et_pb_row][et_pb_row _builder_version=&#8220;4.16&#8243; background_size=&#8220;initial&#8220; background_position=&#8220;top_left&#8220; background_repeat=&#8220;repeat&#8220; global_colors_info=&#8220;{}&#8220;][et_pb_column type=&#8220;4_4&#8243; _builder_version=&#8220;4.16&#8243; custom_padding=&#8220;|||&#8220; global_colors_info=&#8220;{}&#8220; custom_padding__hover=&#8220;|||&#8220;][et_pb_text admin_label=&#8220;H3 Bewirb dich jetzt&#8220; _builder_version=&#8220;4.16&#8243; global_colors_info=&#8220;{}&#8220;]<\/p>\n<h3 class=\"ro-normal\">BEWIRB DICH JETZT UM<br \/>\n<em style=\"color: #ff8700;\">EINEN AUSBILDUNGSPLATZ<\/em><\/h3>\n<p>[\/et_pb_text][et_pb_image src=&#8220;https:\/\/www.k-rogge.de\/spezialisten\/wp-content\/uploads\/2018\/08\/formular.jpg&#8220; url=&#8220;mailto:bewerbung@k-rogge.de&#8220; show_bottom_space=&#8220;off&#8220; align=&#8220;center&#8220; align_tablet=&#8220;center&#8220; align_phone=&#8220;center&#8220; align_last_edited=&#8220;on|desktop&#8220; admin_label=&#8220;Formular&#8220; _builder_version=&#8220;4.16&#8243; global_colors_info=&#8220;{}&#8220;][\/et_pb_image][\/et_pb_column][\/et_pb_row][\/et_pb_section][et_pb_section fb_built=&#8220;1&#8243; _builder_version=&#8220;3.0.106&#8243; background_color=&#8220;#323436&#8243; global_module=&#8220;62&#8243; global_colors_info=&#8220;{}&#8220;][et_pb_row make_equal=&#8220;on&#8220; _builder_version=&#8220;4.16&#8243; width=&#8220;85%&#8220; max_width=&#8220;85%&#8220; module_alignment=&#8220;center&#8220; use_custom_width=&#8220;on&#8220; width_unit=&#8220;off&#8220; custom_width_percent=&#8220;85%&#8220; global_colors_info=&#8220;{}&#8220; column_structure=&#8220;1_4,1_4,1_4,1_4&#8243;][et_pb_column type=&#8220;1_4&#8243; module_class=&#8220;ro-vertical-align&#8220; _builder_version=&#8220;4.16&#8243; custom_padding=&#8220;|||&#8220; global_colors_info=&#8220;{}&#8220; custom_padding__hover=&#8220;|||&#8220;][et_pb_text admin_label=&#8220;Adresse&#8220; module_class=&#8220;ro-footer&#8220; _builder_version=&#8220;4.16&#8243; background_layout=&#8220;dark&#8220; global_colors_info=&#8220;{}&#8220;]<\/p>\n<div style=\"margin: 0 auto;\"><span style=\"color: #ff8700;\">K. Rogge Spezialbau GmbH<\/span><\/p>\n<p>Saatwinkler Damm 13<br \/>13627 Berlin<\/p>\n<\/div>\n<p>[\/et_pb_text][\/et_pb_column][et_pb_column type=&#8220;1_4&#8243; module_class=&#8220;ro-vertical-align&#8220; _builder_version=&#8220;4.16&#8243; custom_padding=&#8220;|||&#8220; global_colors_info=&#8220;{}&#8220; custom_padding__hover=&#8220;|||&#8220;][et_pb_text admin_label=&#8220;Kontakt&#8220; module_class=&#8220;ro-footer&#8220; _builder_version=&#8220;4.16&#8243; background_layout=&#8220;dark&#8220; global_colors_info=&#8220;{}&#8220;]<\/p>\n<div style=\"margin: 0 auto;\"><span style=\"color: #ff8700;\">T <\/span> (030) 34 68 01 0<br \/><span style=\"color: #ff8700;\">F <\/span> (030) 34 52 96 1<br \/><span style=\"color: #ff8700;\">M <\/span> <a class=\"ro-footer-li-hover\" style=\"color: #ffffff;\" href=\"mailto:info@k-rogge.de\">info@k-rogge.de<\/a><\/div>\n<p>[\/et_pb_text][\/et_pb_column][et_pb_column type=&#8220;1_4&#8243; module_class=&#8220;ro-vertical-align&#8220; _builder_version=&#8220;4.16&#8243; custom_padding=&#8220;|||&#8220; global_colors_info=&#8220;{}&#8220; custom_padding__hover=&#8220;|||&#8220;][et_pb_code admin_label=&#8220;Social Icons&#8220; _builder_version=&#8220;4.16&#8243; text_orientation=&#8220;center&#8220; global_colors_info=&#8220;{}&#8220;]<a href=\"https:\/\/de-de.facebook.com\/kroggespezialbau\/\"><img decoding=\"async\" src=\"https:\/\/www.k-rogge.de\/spezialisten\/wp-content\/uploads\/2018\/08\/Facebook.svg\" alt=\"Facebook\" class=\"ro-footer-social-icon style-svg\" style=\"height: 46px\"><\/a><a href=\"https:\/\/www.instagram.com\/k.rogge_spezialbau_gmbh\/\"><img decoding=\"async\" src=\"https:\/\/www.k-rogge.de\/spezialisten\/wp-content\/uploads\/2018\/08\/Instagram.svg\" alt=\"Instagram\" class=\"ro-footer-social-icon style-svg\" style=\"height: 46px\"><\/a><a href=\"https:\/\/www.youtube.com\/channel\/UCZXUcOYt-Bz-VeYBNB8-SsA\"><img decoding=\"async\" src=\"https:\/\/www.k-rogge.de\/spezialisten\/wp-content\/uploads\/2018\/08\/Youtube.svg\" alt=\"Youtube\" class=\"ro-footer-social-icon style-svg\" style=\"height: 46px\"><\/a>[\/et_pb_code][\/et_pb_column][et_pb_column type=&#8220;1_4&#8243; module_class=&#8220;ro-vertical-align&#8220; _builder_version=&#8220;4.16&#8243; custom_padding=&#8220;|||&#8220; global_colors_info=&#8220;{}&#8220; custom_padding__hover=&#8220;|||&#8220;][et_pb_code _builder_version=&#8220;4.16&#8243; text_orientation=&#8220;left&#8220; width=&#8220;80%&#8220; max_width=&#8220;1080px&#8220; global_colors_info=&#8220;{}&#8220;]<img decoding=\"async\" src=\"https:\/\/www.k-rogge.de\/spezialisten\/wp-content\/uploads\/2018\/08\/rogge_wms_logo274x71.svg\" class=\"style-svg\">[\/et_pb_code][\/et_pb_column][\/et_pb_row][\/et_pb_section]<\/p>\n","protected":false},"excerpt":{"rendered":"<p>DUALES STUDIUM BAUINGENIEUR Studiendauer Bachelor: 3 Jahre im dualen Studium Master: 2 Jahre als Werkstudent Voraussetzungen Bachelor: Abitur Master: Bachelor in einem artverwandten Studienfach Pr\u00fcfungen Die Studieng\u00e4nge beendest du mit dem Bestehen deiner Bachelor- bzw. Masterarbeit Ob Tunnel, Hochhaus, Kanal oder Flughafen: Als Bauingenieur planst du die Geb\u00e4ude von morgen.\u00a0Deine Arbeit beginnt im Kopf &#8211; [&hellip;]<\/p>\n","protected":false},"author":1,"featured_media":0,"parent":0,"menu_order":0,"comment_status":"closed","ping_status":"closed","template":"","meta":{"_et_pb_use_builder":"on","_et_pb_old_content":"","_et_gb_content_width":"","inline_featured_image":false,"footnotes":""},"_links":{"self":[{"href":"https:\/\/www.k-rogge.de\/spezialisten\/wp-json\/wp\/v2\/pages\/297"}],"collection":[{"href":"https:\/\/www.k-rogge.de\/spezialisten\/wp-json\/wp\/v2\/pages"}],"about":[{"href":"https:\/\/www.k-rogge.de\/spezialisten\/wp-json\/wp\/v2\/types\/page"}],"author":[{"embeddable":true,"href":"https:\/\/www.k-rogge.de\/spezialisten\/wp-json\/wp\/v2\/users\/1"}],"replies":[{"embeddable":true,"href":"https:\/\/www.k-rogge.de\/spezialisten\/wp-json\/wp\/v2\/comments?post=297"}],"version-history":[{"count":20,"href":"https:\/\/www.k-rogge.de\/spezialisten\/wp-json\/wp\/v2\/pages\/297\/revisions"}],"predecessor-version":[{"id":730,"href":"https:\/\/www.k-rogge.de\/spezialisten\/wp-json\/wp\/v2\/pages\/297\/revisions\/730"}],"wp:attachment":[{"href":"https:\/\/www.k-rogge.de\/spezialisten\/wp-json\/wp\/v2\/media?parent=297"}],"curies":[{"name":"wp","href":"https:\/\/api.w.org\/{rel}","templated":true}]}}