{"id":3,"date":"2018-07-30T19:50:45","date_gmt":"2018-07-30T17:50:45","guid":{"rendered":"http:\/\/www.k-rogge.de\/spezialisten\/?page_id=3"},"modified":"2023-03-30T07:22:31","modified_gmt":"2023-03-30T05:22:31","slug":"datenschutzerklaerung","status":"publish","type":"page","link":"https:\/\/www.k-rogge.de\/spezialisten\/datenschutzerklaerung\/","title":{"rendered":"Datenschutzerkl\u00e4rung"},"content":{"rendered":"<p>[et_pb_section fb_built=&#8220;1&#8243; module_id=&#8220;ro-logo-tr&#8220; _builder_version=&#8220;3.0.106&#8243; background_color=&#8220;rgba(51,51,51,0)&#8220; global_module=&#8220;165&#8243; global_colors_info=&#8220;{}&#8220;][et_pb_row make_equal=&#8220;on&#8220; _builder_version=&#8220;4.16&#8243; global_colors_info=&#8220;{}&#8220;][et_pb_column type=&#8220;4_4&#8243; _builder_version=&#8220;4.16&#8243; custom_padding=&#8220;|||&#8220; global_colors_info=&#8220;{}&#8220; custom_padding__hover=&#8220;|||&#8220;][et_pb_code admin_label=&#8220;Logo oben rechts&#8220; _builder_version=&#8220;4.16&#8243; global_colors_info=&#8220;{}&#8220;]<a href=\"https:\/\/www.k-rogge.de\/\"><img decoding=\"async\" src=\"https:\/\/www.k-rogge.de\/spezialisten\/wp-content\/uploads\/2018\/08\/logo-tr-120.gif\" alt=\"K. Rogge Spezialbau\" id=\"ro-logo-tr-img\" class=\"ro-logo-tr-img-not-scrolled\"><\/a>[\/et_pb_code][et_pb_code _builder_version=&#8220;4.16&#8243; text_orientation=&#8220;left&#8220; width=&#8220;80%&#8220; max_width=&#8220;1080px&#8220; global_colors_info=&#8220;{}&#8220;]<script><!-- [et_pb_line_break_holder] --><!-- [et_pb_line_break_holder] -->jQuery(window).scroll(function (event) {<!-- [et_pb_line_break_holder] --> var scroll = jQuery(window).scrollTop();<!-- [et_pb_line_break_holder] --> if (scroll > jQuery('#main-header').outerHeight()) {<!-- [et_pb_line_break_holder] --> if (jQuery('#wpadminbar').length) {<!-- [et_pb_line_break_holder] --> jQuery('#ro-logo-tr-img').addClass('ro-logo-tr-img-scrolled-admin');<!-- [et_pb_line_break_holder] --> }<!-- [et_pb_line_break_holder] --> else {<!-- [et_pb_line_break_holder] --> jQuery('#ro-logo-tr-img').addClass('ro-logo-tr-img-scrolled');<!-- [et_pb_line_break_holder] --> }<!-- [et_pb_line_break_holder] --><!-- [et_pb_line_break_holder] --> } else {<!-- [et_pb_line_break_holder] --> jQuery('#ro-logo-tr-img').removeClass('ro-logo-tr-img-scrolled');<!-- [et_pb_line_break_holder] --> jQuery('#ro-logo-tr-img').removeClass('ro-logo-tr-img-scrolled-admin');<!-- [et_pb_line_break_holder] --> }<!-- [et_pb_line_break_holder] -->});<!-- [et_pb_line_break_holder] --><!-- [et_pb_line_break_holder] --><\/script>[\/et_pb_code][\/et_pb_column][\/et_pb_row][\/et_pb_section][et_pb_section fb_built=&#8220;1&#8243; _builder_version=&#8220;4.16&#8243; global_colors_info=&#8220;{}&#8220;][et_pb_row _builder_version=&#8220;4.16&#8243; background_size=&#8220;initial&#8220; background_position=&#8220;top_left&#8220; background_repeat=&#8220;repeat&#8220; global_colors_info=&#8220;{}&#8220;][et_pb_column type=&#8220;4_4&#8243; _builder_version=&#8220;4.16&#8243; custom_padding=&#8220;|||&#8220; global_colors_info=&#8220;{}&#8220; custom_padding__hover=&#8220;|||&#8220;][et_pb_text _builder_version=&#8220;4.16&#8243; global_colors_info=&#8220;{}&#8220;]<\/p>\n<h2>Datenschutzerkl\u00e4rung<\/h2>\n<p><strong>K.Rogge Spezialbau GmbH<\/strong><\/p>\n<p><strong>Einleitung<\/strong><br \/>\nDer Schutz Ihrer pers\u00f6nlichen Daten ist uns ein besonderes Anliegen. Wir verarbeiten Ihre Daten daher ausschlie\u00dflich auf Grundlage der gesetzlichen Bestimmungen (BDSG, TMG, DS-GVO). Mit diesen Datenschutzinformationen informieren wir Sie \u00fcber die wichtigsten Aspekte der Datenverarbeitung im Rahmen unserer Website, insbesondere \u00fcber Umfang und zu welchem Zweck die Erhebung und Verarbeitung personenbezogener Daten derzeit erfolgt bzw. erfolgen kann.<\/p>\n<p>Bedenken Sie, dass die Daten\u00fcbertragung im Internet grunds\u00e4tzlich mit Sicherheitsl\u00fccken bedacht sein kann. Ein vollumf\u00e4nglicher Schutz vor dem Zugriff durch Fremde ist nicht realisierbar.<\/p>\n<p><strong>Erfassung allgemeiner Informationen<\/strong><br \/>\nWenn Sie auf unsere Website zugreifen, werden die Zugriffsdaten (die sog. Server-Logfiles) durch unseren Webhosting-Partner automatisiert erfasst. Ansonsten werden durch uns keine personenbezogenen Daten durch Ihre Eingabe erhoben. Die im Rahmen des Zugriffs auf unsere Website protokollierten Daten beinhalten: Name und Version des Webbrowsers, das verwendete Betriebssystem, die Internetseite, von welcher ein zugreifendes System auf unsere Website gelangt, das Datum und die Uhrzeit eines Zugriffs, die Datenmenge und Dauer der Daten\u00fcbertragung, die verwendete Internet-Protokoll-Adresse (IP-Adresse) sowie den Domainnamen Ihres Internet Service Providers.<\/p>\n<p>Bei Nutzung dieser allgemeinen Daten ziehen wir keine R\u00fcckschl\u00fcsse auf Ihre Person. Diese Informationen werden jedoch ben\u00f6tigt, um von Ihnen angeforderte Inhalte von Websites korrekt auszuliefern sowie Fehler an der Telekommunikationsanlage zu erkennen, einzugrenzen oder zu beseitigen. Sie fallen bei Nutzung des Internets zwingend an. Die Informationen werden von dem von uns beauftragten IT-Dienstleiter anonymisiert zu statistischen Zwecken ausgewertet, um unseren Internetauftritt und die dahinterstehende Technik zu optimieren. Eine Zusammenf\u00fchrung der Server-Logdaten mit Daten einer bestimmten nat\u00fcrlichen Person oder anderen Datenquellen erfolgt nicht. Wir behalten uns allerdings vor, die Server-Logfiles nachtr\u00e4glich zu \u00fcberpr\u00fcfen, sollten konkrete Anhaltspunkte auf eine rechtswidrige Nutzung hinweisen.<br \/>\nDie beschriebenen Daten werden maximal f\u00fcr 30 Tage gespeichert.<\/p>\n<p><strong>Cookies<\/strong><br \/>\nUm unseren Internetauftritt benutzerfreundlich zu gestalten und optimal auf Ihre Bed\u00fcrfnisse abzustimmen, setzen wir so genannte \u201eCookies\u201c ein. Cookies sind kleine Textdateien, die von einem Website-Server auf Ihre Festplatte \u00fcbertragen werden. Hierdurch erhalten wir automatisch bestimmte Daten wie z. B. IP-Adresse, verwendeter Browser, Betriebssystem \u00fcber Ihren Computer und Ihre Verbindung zum Internet. Wir verwenden Cookies f\u00fcr die Dauer Ihres Besuches auf unserer Website. Nach Beendigung Ihres Besuches und Beenden des Internetbrowsers werden die Cookies automatisch gel\u00f6scht. Nur Cookies zur statistischen Auswertung werden tempor\u00e4r gespeichert und durch unseren IT-Dienstleiter ausgewertet.<\/p>\n<p>Cookies k\u00f6nnen nicht verwendet werden, um Programme zu starten oder Viren auf einen Computer zu \u00fcbertragen. Anhand der in Cookies enthaltenen Informationen k\u00f6nnen wir Ihnen die Navigation erleichtern und die korrekte Anzeige unserer Websites erm\u00f6glichen. In keinem Fall werden die von uns erfassten Daten an Dritte weitergegeben eine Verkn\u00fcpfung mit personenbezogenen Daten findet nicht statt.<\/p>\n<p>Sie k\u00f6nnen unsere Website grunds\u00e4tzlich auch ohne Cookies betrachten. Internet-Browser sind regelm\u00e4\u00dfig so eingestellt, dass sie Cookies akzeptieren. Sie k\u00f6nnen die Verwendung von Cookies jederzeit \u00fcber die Einstellungen Ihres Browsers deaktivieren. Bitte verwenden Sie die Hilfefunktionen Ihres Internetbrowsers, um zu erfahren, wie Sie diese Einstellungen \u00e4ndern k\u00f6nnen. Bitte beachten Sie, dass einzelne Funktionen unserer Website m\u00f6glicherweise nicht funktionieren, wenn Sie die Verwendung von Cookies deaktiviert haben.<\/p>\n<p><strong>Links zu anderen Webseiten<\/strong><br \/>\nRufen Sie eine externe Internetseite von unserer Website auf (externer Link), wird der externe Anbieter m\u00f6glicherweise von Ihrem Browser Informationen dar\u00fcber erhalten, von welcher Website Sie zu ihm gekommen sind. F\u00fcr diese Daten ist der externe Anbieter verantwortlich. Wir sind, wie jeder andere Websites-Betreiber, nicht in der Lage, diesen Vorgang zu beeinflussen.<\/p>\n<p><strong>L\u00f6schung bzw. Sperrung der Daten<\/strong><br \/>\nWir halten uns an die Grunds\u00e4tze der Datenvermeidung und Datensparsamkeit. Wir speichern Ihre personenbezogenen Daten daher nur so lange, wie dies zur Erreichung der hier genannten Zwecke erforderlich ist oder wie es die vom Gesetzgeber vorgesehenen vielf\u00e4ltigen Speicherfristen vorsehen. Nach Fortfall des jeweiligen Zweckes bzw. Ablauf dieser Fristen werden die entsprechenden Daten routinem\u00e4\u00dfig und entsprechend den gesetzlichen Vorschriften gesperrt oder gel\u00f6scht.<\/p>\n<p><strong>Ihre Rechte auf Auskunft, Berichtigung, Sperre, L\u00f6schung und Widerspruch<\/strong><br \/>\nSie haben das Recht, jederzeit Auskunft \u00fcber Ihre bei uns gespeicherten personenbezogenen Daten zu erhalten. Ebenso haben Sie das Recht auf Berichtigung, Sperrung oder, abgesehen von der vorgeschriebenen Datenspeicherung zur Gesch\u00e4ftsabwicklung, L\u00f6schung Ihrer personenbezogenen Daten. Bitte wenden Sie sich dazu an den Datenschutzbeauftragten. Die Kontaktdaten finden Sie ganz unten.<\/p>\n<p>Damit eine Sperre von Daten jederzeit ber\u00fccksichtigt werden kann, m\u00fcssen diese Daten zu Kontrollzwecken in einer Sperrdatei vorgehalten werden. Sie k\u00f6nnen auch die L\u00f6schung der Daten verlangen, soweit keine gesetzliche Pflicht zur Aufbewahrung von Daten besteht. Soweit eine solche Verpflichtung nicht besteht, sperren wir Ihre Daten auf Wunsch.<\/p>\n<p>Wenn wir Daten auf Grund Ihrer Einwilligung verarbeiten, k\u00f6nnen Sie \u00c4nderungen oder den Widerruf einer Einwilligung durch entsprechende Mitteilung an uns mit Wirkung f\u00fcr die Zukunft vornehmen.<\/p>\n<p>Wenn Sie meinen, dass wir bei der Erhebung, Verarbeitung oder Nutzung Ihrer pers\u00f6nlichen Daten datenschutzrechtliche Bestimmungen missachtet haben und Sie in Ihren Rechten verletzt worden sind, k\u00f6nnen Sie sich an die zust\u00e4ndige Aufsichtsbeh\u00f6rde wenden.<\/p>\n<p><strong>Kontaktdaten (Berlin):<\/strong><\/p>\n<p>Berliner Beauftragte f\u00fcr Datenschutz und die Informationsfreiheit<br \/>\nFriedrichstra\u00dfe 219<br \/>\n10969 Berlin<br \/>\nTelefon: +49 (0)30-13889-0<br \/>\nFax: +49 (0)30-215-5050<br \/>\nEmail: mailbox@datenschutz-berlin.de<br \/>\nwww.datenschutz-berlin.de<\/p>\n<p><strong>\u00c4nderung unserer Datenschutzbestimmungen<\/strong><br \/>\nWir behalten uns vor, die Datenschutzerkl\u00e4rung gelegentlich anzupassen, so dass sie stets den aktuellen rechtlichen Anforderungen entspricht oder um \u00c4nderungen unserer Leistungen in der Datenschutzerkl\u00e4rung umzusetzen. F\u00fcr Ihren erneuten Besuch gilt dann die neue Datenschutzerkl\u00e4rung.<\/p>\n<p><strong>Verantwortliche Stelle im Sinne der Datenschutzgesetze ist:<\/strong><br \/>\nK.Rogge Spezialbau GmbH<br \/>\nSaatwinkler Damm 13<br \/>\n13627 Berlin<br \/>\nKontakt: info@k-rogge.de<\/p>\n<p><strong>Unser Datenschutzbeauftragter:<\/strong><br \/>\nKontakt: datenschutz@k-rogge.de<br \/>\n[\/et_pb_text][\/et_pb_column][\/et_pb_row][et_pb_row _builder_version=&#8220;4.19.1&#8243; _module_preset=&#8220;default&#8220;][et_pb_column _builder_version=&#8220;4.19.1&#8243; _module_preset=&#8220;default&#8220; type=&#8220;4_4&#8243;][et_pb_text _builder_version=&#8220;4.19.1&#8243; _module_preset=&#8220;default&#8220; hover_enabled=&#8220;0&#8243; sticky_enabled=&#8220;0&#8243;]<\/p>\n<h3 class=\"elementor-heading-title elementor-size-default\">Cookie Einstellungen<\/h3>\n<p>In diesem Bereich k\u00f6nnen Sie Ihre individuellen Cookie-Einstellungen nach Ihren w\u00fcnschen anpassen. Nach \u00c4nderung der Einstellungen ist ein Neuladen der Webseite erforderlich<\/p>\n<p>Ihre Cookie-UID: [borlabs-cookie type=&#8220;uid&#8220;\/]<\/p>\n<p>[borlabs-cookie type=&#8220;btn-cookie-preference&#8220; title=&#8220;Cookie-Einstellungen anpassen&#8220;\/]<\/p>\n<p>&nbsp;<\/p>\n<p>[\/et_pb_text][\/et_pb_column][\/et_pb_row][et_pb_row _builder_version=&#8220;4.19.1&#8243; _module_preset=&#8220;default&#8220;][et_pb_column _builder_version=&#8220;4.19.1&#8243; _module_preset=&#8220;default&#8220; type=&#8220;4_4&#8243;][et_pb_text _builder_version=&#8220;4.19.1&#8243; _module_preset=&#8220;default&#8220; hover_enabled=&#8220;0&#8243; sticky_enabled=&#8220;0&#8243;]<\/p>\n<h3>Einwilligungs-Historie<\/h3>\n<p>[borlabs-cookie type=&#8220;consent-history&#8220;\/]<\/p>\n<p>[\/et_pb_text][\/et_pb_column][\/et_pb_row][\/et_pb_section][et_pb_section fb_built=&#8220;1&#8243; _builder_version=&#8220;3.0.106&#8243; background_color=&#8220;#323436&#8243; global_module=&#8220;62&#8243; global_colors_info=&#8220;{}&#8220;][et_pb_row make_equal=&#8220;on&#8220; _builder_version=&#8220;4.16&#8243; width=&#8220;85%&#8220; max_width=&#8220;85%&#8220; module_alignment=&#8220;center&#8220; use_custom_width=&#8220;on&#8220; width_unit=&#8220;off&#8220; custom_width_percent=&#8220;85%&#8220; global_colors_info=&#8220;{}&#8220; column_structure=&#8220;1_4,1_4,1_4,1_4&#8243;][et_pb_column type=&#8220;1_4&#8243; module_class=&#8220;ro-vertical-align&#8220; _builder_version=&#8220;4.16&#8243; custom_padding=&#8220;|||&#8220; global_colors_info=&#8220;{}&#8220; custom_padding__hover=&#8220;|||&#8220;][et_pb_text admin_label=&#8220;Adresse&#8220; module_class=&#8220;ro-footer&#8220; _builder_version=&#8220;4.16&#8243; background_layout=&#8220;dark&#8220; global_colors_info=&#8220;{}&#8220;]<\/p>\n<div style=\"margin: 0 auto;\"><span style=\"color: #ff8700;\">K. Rogge Spezialbau GmbH<\/span><\/p>\n<p>Saatwinkler Damm 13<br \/>13627 Berlin<\/p>\n<\/div>\n<p>[\/et_pb_text][\/et_pb_column][et_pb_column type=&#8220;1_4&#8243; module_class=&#8220;ro-vertical-align&#8220; _builder_version=&#8220;4.16&#8243; custom_padding=&#8220;|||&#8220; global_colors_info=&#8220;{}&#8220; custom_padding__hover=&#8220;|||&#8220;][et_pb_text admin_label=&#8220;Kontakt&#8220; module_class=&#8220;ro-footer&#8220; _builder_version=&#8220;4.16&#8243; background_layout=&#8220;dark&#8220; global_colors_info=&#8220;{}&#8220;]<\/p>\n<div style=\"margin: 0 auto;\"><span style=\"color: #ff8700;\">T <\/span> (030) 34 68 01 0<br \/><span style=\"color: #ff8700;\">F <\/span> (030) 34 52 96 1<br \/><span style=\"color: #ff8700;\">M <\/span> <a class=\"ro-footer-li-hover\" style=\"color: #ffffff;\" href=\"mailto:info@k-rogge.de\">info@k-rogge.de<\/a><\/div>\n<p>[\/et_pb_text][\/et_pb_column][et_pb_column type=&#8220;1_4&#8243; module_class=&#8220;ro-vertical-align&#8220; _builder_version=&#8220;4.16&#8243; custom_padding=&#8220;|||&#8220; global_colors_info=&#8220;{}&#8220; custom_padding__hover=&#8220;|||&#8220;][et_pb_code admin_label=&#8220;Social Icons&#8220; _builder_version=&#8220;4.16&#8243; text_orientation=&#8220;center&#8220; global_colors_info=&#8220;{}&#8220;]<a href=\"https:\/\/de-de.facebook.com\/kroggespezialbau\/\"><img decoding=\"async\" src=\"https:\/\/www.k-rogge.de\/spezialisten\/wp-content\/uploads\/2018\/08\/Facebook.svg\" alt=\"Facebook\" class=\"ro-footer-social-icon style-svg\" style=\"height: 46px\"><\/a><a href=\"https:\/\/www.instagram.com\/k.rogge_spezialbau_gmbh\/\"><img decoding=\"async\" src=\"https:\/\/www.k-rogge.de\/spezialisten\/wp-content\/uploads\/2018\/08\/Instagram.svg\" alt=\"Instagram\" class=\"ro-footer-social-icon style-svg\" style=\"height: 46px\"><\/a><a href=\"https:\/\/www.youtube.com\/channel\/UCZXUcOYt-Bz-VeYBNB8-SsA\"><img decoding=\"async\" src=\"https:\/\/www.k-rogge.de\/spezialisten\/wp-content\/uploads\/2018\/08\/Youtube.svg\" alt=\"Youtube\" class=\"ro-footer-social-icon style-svg\" style=\"height: 46px\"><\/a>[\/et_pb_code][\/et_pb_column][et_pb_column type=&#8220;1_4&#8243; module_class=&#8220;ro-vertical-align&#8220; _builder_version=&#8220;4.16&#8243; custom_padding=&#8220;|||&#8220; global_colors_info=&#8220;{}&#8220; custom_padding__hover=&#8220;|||&#8220;][et_pb_code _builder_version=&#8220;4.16&#8243; text_orientation=&#8220;left&#8220; width=&#8220;80%&#8220; max_width=&#8220;1080px&#8220; global_colors_info=&#8220;{}&#8220;]<img decoding=\"async\" src=\"https:\/\/www.k-rogge.de\/spezialisten\/wp-content\/uploads\/2018\/08\/rogge_wms_logo274x71.svg\" class=\"style-svg\">[\/et_pb_code][\/et_pb_column][\/et_pb_row][\/et_pb_section]<\/p>\n","protected":false},"excerpt":{"rendered":"<p>Datenschutzerkl\u00e4rung K.Rogge Spezialbau GmbH Einleitung Der Schutz Ihrer pers\u00f6nlichen Daten ist uns ein besonderes Anliegen. Wir verarbeiten Ihre Daten daher ausschlie\u00dflich auf Grundlage der gesetzlichen Bestimmungen (BDSG, TMG, DS-GVO). Mit diesen Datenschutzinformationen informieren wir Sie \u00fcber die wichtigsten Aspekte der Datenverarbeitung im Rahmen unserer Website, insbesondere \u00fcber Umfang und zu welchem Zweck die Erhebung und [&hellip;]<\/p>\n","protected":false},"author":1,"featured_media":0,"parent":0,"menu_order":0,"comment_status":"closed","ping_status":"open","template":"","meta":{"_et_pb_use_builder":"on","_et_pb_old_content":"<h2>Wer wir sind<\/h2><p>Die Adresse unserer Website ist: https:\/\/www.k-rogge.de\/spezialisten.<\/p><h2>Welche personenbezogenen Daten wir sammeln und warum wir sie sammeln<\/h2><h3>Kommentare<\/h3><p>Wenn Besucher Kommentare auf der Website schreiben, sammeln wir die Daten, die im Kommentar-Formular angezeigt werden, au\u00dferdem die IP-Adresse des Besuchers und den User-Agent-String (damit wird der Browser identifiziert), um die Erkennung von Spam zu unterst\u00fctzen.<\/p><p>Aus deiner E-Mail-Adresse kann eine anonymisierte Zeichenfolge erstellt (auch Hash genannt) und dem Gravatar-Dienst \u00fcbergeben werden, um zu pr\u00fcfen, ob du diesen benutzt. Die Datenschutzerkl\u00e4rung des Gravatar-Dienstes findest du hier: https:\/\/automattic.com\/privacy\/. Nachdem dein Kommentar freigegeben wurde, ist dein Profilbild \u00f6ffentlich im Kontext deines Kommentars sichtbar.<\/p><h3>Medien<\/h3><p>Wenn du ein registrierter Benutzer bist und Fotos auf diese Website l\u00e4dst, solltest du vermeiden, Fotos mit einem EXIF-GPS-Standort hochzuladen. Besucher dieser Website k\u00f6nnten Fotos, die auf dieser Website gespeichert sind, herunterladen und deren Standort-Informationen extrahieren.<\/p><h3>Kontaktformulare<\/h3><h3>Cookies<\/h3><p>Wenn du einen Kommentar auf unserer Website schreibst, kann das eine Einwilligung sein, deinen Namen, E-Mail-Adresse und Website in Cookies zu speichern. Dies ist eine Komfortfunktion, damit du nicht, wenn du einen weiteren Kommentar schreibst, all diese Daten erneut eingeben musst. Diese Cookies werden ein Jahr lang gespeichert.<\/p><p>Falls du ein Konto hast und dich auf dieser Website anmeldest, werden wir ein tempor\u00e4res Cookie setzen, um festzustellen, ob dein Browser Cookies akzeptiert. Dieses Cookie enth\u00e4lt keine personenbezogenen Daten und wird verworfen, wenn du deinen Browser schlie\u00dft.<\/p><p>Wenn du dich anmeldest, werden wir einige Cookies einrichten, um deine Anmeldeinformationen und Anzeigeoptionen zu speichern. Anmelde-Cookies verfallen nach zwei Tagen und Cookies f\u00fcr die Anzeigeoptionen nach einem Jahr. Falls du bei der Anmeldung \u201eAngemeldet bleiben\u201c ausw\u00e4hlst, wird deine Anmeldung zwei Wochen lang aufrechterhalten. Mit der Abmeldung aus deinem Konto werden die Anmelde-Cookies gel\u00f6scht.<\/p><p>Wenn du einen Artikel bearbeitest oder ver\u00f6ffentlichst, wird ein zus\u00e4tzlicher Cookie in deinem Browser gespeichert. Dieser Cookie enth\u00e4lt keine personenbezogenen Daten und verweist nur auf die Beitrags-ID des Artikels, den du gerade bearbeitet hast. Der Cookie verf\u00e4llt nach einem Tag.<\/p><h3>Eingebettete Inhalte von anderen Websites<\/h3><p>Beitr\u00e4ge auf dieser Website k\u00f6nnen eingebettete Inhalte beinhalten (z.\u00a0B. Videos, Bilder, Beitr\u00e4ge etc.). Eingebettete Inhalte von anderen Websites verhalten sich exakt so, als ob der Besucher die andere Website besucht h\u00e4tte.<\/p><p>Diese Websites k\u00f6nnen Daten \u00fcber dich sammeln, Cookies benutzen, zus\u00e4tzliche Tracking-Dienste von Dritten einbetten und deine Interaktion mit diesem eingebetteten Inhalt aufzeichnen, inklusive deiner Interaktion mit dem eingebetteten Inhalt, falls du ein Konto hast und auf dieser Website angemeldet bist.<\/p><h3>Analysedienste<\/h3><h2>Mit wem wir deine Daten teilen<\/h2><h2>Wie lange wir deine Daten speichern<\/h2><p>Wenn du einen Kommentar schreibst, wird dieser inklusive Metadaten zeitlich unbegrenzt gespeichert. Auf diese Art k\u00f6nnen wir Folgekommentare automatisch erkennen und freigeben, anstelle sie in einer Moderations-Warteschlange festzuhalten.<\/p><p>F\u00fcr Benutzer, die sich auf unserer Website registrieren, speichern wir zus\u00e4tzlich die pers\u00f6nlichen Informationen, die sie in ihren Benutzerprofilen angeben. Alle Benutzer k\u00f6nnen jederzeit ihre pers\u00f6nlichen Informationen einsehen, ver\u00e4ndern oder l\u00f6schen (der Benutzername kann nicht ver\u00e4ndert werden). Administratoren der Website k\u00f6nnen diese Informationen ebenfalls einsehen und ver\u00e4ndern.<\/p><h2>Welche Rechte du an deinen Daten hast<\/h2><p>Wenn du ein Konto auf dieser Website besitzt oder Kommentare geschrieben hast, kannst du einen Export deiner personenbezogenen Daten bei uns anfordern, inklusive aller Daten, die du uns mitgeteilt hast. Dar\u00fcber hinaus kannst du die L\u00f6schung aller personenbezogenen Daten, die wir von dir gespeichert haben, anfordern. Dies umfasst nicht die Daten, die wir aufgrund administrativer, rechtlicher oder sicherheitsrelevanter Notwendigkeiten aufbewahren m\u00fcssen.<\/p><h2>Wohin wir deine Daten senden<\/h2><p>Besucher-Kommentare k\u00f6nnten von einem automatisierten Dienst zur Spam-Erkennung untersucht werden.<\/p><h2>Deine Kontakt-Informationen<\/h2><h2>Weitere Informationen<\/h2><h3>Wie wir deine Daten sch\u00fctzen<\/h3><h3>Welche Ma\u00dfnahmen wir bei Datenschutzverletzungen anbieten<\/h3><h3>Von welchen Drittanbietern wir Daten erhalten<\/h3><h3>Welche automatisierte Entscheidungsfindung und\/oder Profilerstellung wir mit Benutzerdaten durchf\u00fchren<\/h3><h3>Industrielle aufsichtsrechtliche Regulierungsanforderungen<\/h3>","_et_gb_content_width":"","inline_featured_image":false,"footnotes":""},"_links":{"self":[{"href":"https:\/\/www.k-rogge.de\/spezialisten\/wp-json\/wp\/v2\/pages\/3"}],"collection":[{"href":"https:\/\/www.k-rogge.de\/spezialisten\/wp-json\/wp\/v2\/pages"}],"about":[{"href":"https:\/\/www.k-rogge.de\/spezialisten\/wp-json\/wp\/v2\/types\/page"}],"author":[{"embeddable":true,"href":"https:\/\/www.k-rogge.de\/spezialisten\/wp-json\/wp\/v2\/users\/1"}],"replies":[{"embeddable":true,"href":"https:\/\/www.k-rogge.de\/spezialisten\/wp-json\/wp\/v2\/comments?post=3"}],"version-history":[{"count":7,"href":"https:\/\/www.k-rogge.de\/spezialisten\/wp-json\/wp\/v2\/pages\/3\/revisions"}],"predecessor-version":[{"id":710,"href":"https:\/\/www.k-rogge.de\/spezialisten\/wp-json\/wp\/v2\/pages\/3\/revisions\/710"}],"wp:attachment":[{"href":"https:\/\/www.k-rogge.de\/spezialisten\/wp-json\/wp\/v2\/media?parent=3"}],"curies":[{"name":"wp","href":"https:\/\/api.w.org\/{rel}","templated":true}]}}