{"id":475,"date":"2018-08-28T13:05:41","date_gmt":"2018-08-28T11:05:41","guid":{"rendered":"http:\/\/www.k-rogge.de\/spezialisten\/?page_id=475"},"modified":"2018-09-04T11:32:47","modified_gmt":"2018-09-04T09:32:47","slug":"praktikum","status":"publish","type":"page","link":"https:\/\/www.k-rogge.de\/spezialisten\/praktikum\/","title":{"rendered":"Praktikum"},"content":{"rendered":"<p>[et_pb_section bb_built=&#8220;1&#8243; background_color=&#8220;rgba(51,51,51,0)&#8220; module_id=&#8220;ro-logo-tr&#8220; _builder_version=&#8220;3.0.106&#8243; next_background_color=&#8220;#fdfdfd&#8220; global_module=&#8220;165&#8243;][et_pb_row global_parent=&#8220;165&#8243; make_equal=&#8220;on&#8220; _builder_version=&#8220;3.0.106&#8243;][et_pb_column type=&#8220;4_4&#8243;][et_pb_code admin_label=&#8220;Logo oben rechts&#8220; global_parent=&#8220;165&#8243; _builder_version=&#8220;3.0.106&#8243;]&lt;a href=&quot;https:\/\/www.k-rogge.de\/&quot;&gt;&lt;img src=&quot;https:\/\/www.k-rogge.de\/spezialisten\/wp-content\/uploads\/2018\/08\/logo-tr-120.gif&quot; alt=&quot;K. Rogge Spezialbau&quot; id=&quot;ro-logo-tr-img&quot; class=&quot;ro-logo-tr-img-not-scrolled&quot;&gt;&lt;\/a&gt;[\/et_pb_code][et_pb_code global_parent=&#8220;165&#8243; _builder_version=&#8220;3.0.106&#8243;]&lt;script&gt;&lt;!&#8211; [et_pb_line_break_holder] &#8211;&gt;&lt;!&#8211; [et_pb_line_break_holder] &#8211;&gt;jQuery(window).scroll(function (event) {&lt;!&#8211; [et_pb_line_break_holder] &#8211;&gt; var scroll = jQuery(window).scrollTop();&lt;!&#8211; [et_pb_line_break_holder] &#8211;&gt; if (scroll &gt; jQuery(&#x27;#main-header&#x27;).outerHeight()) {&lt;!&#8211; [et_pb_line_break_holder] &#8211;&gt; if (jQuery(&#x27;#wpadminbar&#x27;).length) {&lt;!&#8211; [et_pb_line_break_holder] &#8211;&gt; jQuery(&#x27;#ro-logo-tr-img&#x27;).addClass(&#x27;ro-logo-tr-img-scrolled-admin&#x27;);&lt;!&#8211; [et_pb_line_break_holder] &#8211;&gt; }&lt;!&#8211; [et_pb_line_break_holder] &#8211;&gt; else {&lt;!&#8211; [et_pb_line_break_holder] &#8211;&gt; jQuery(&#x27;#ro-logo-tr-img&#x27;).addClass(&#x27;ro-logo-tr-img-scrolled&#x27;);&lt;!&#8211; [et_pb_line_break_holder] &#8211;&gt; }&lt;!&#8211; [et_pb_line_break_holder] &#8211;&gt;&lt;!&#8211; [et_pb_line_break_holder] &#8211;&gt; } else {&lt;!&#8211; [et_pb_line_break_holder] &#8211;&gt; jQuery(&#x27;#ro-logo-tr-img&#x27;).removeClass(&#x27;ro-logo-tr-img-scrolled&#x27;);&lt;!&#8211; [et_pb_line_break_holder] &#8211;&gt; jQuery(&#x27;#ro-logo-tr-img&#x27;).removeClass(&#x27;ro-logo-tr-img-scrolled-admin&#x27;);&lt;!&#8211; [et_pb_line_break_holder] &#8211;&gt; }&lt;!&#8211; [et_pb_line_break_holder] &#8211;&gt;});&lt;!&#8211; [et_pb_line_break_holder] &#8211;&gt;&lt;!&#8211; [et_pb_line_break_holder] &#8211;&gt;&lt;\/script&gt;[\/et_pb_code][\/et_pb_column][\/et_pb_row][\/et_pb_section][et_pb_section bb_built=&#8220;1&#8243; background_color=&#8220;#fdfdfd&#8220; _builder_version=&#8220;3.0.106&#8243; custom_padding=&#8220;150px|0px|54px|0px&#8220; prev_background_color=&#8220;rgba(51,51,51,0)&#8220; next_background_color=&#8220;#ffffff&#8220; custom_padding_tablet=&#8220;20px|0px|54px|0px&#8220; custom_padding_last_edited=&#8220;on|phone&#8220; disabled_on=&#8220;on|on|off&#8220; disabled=&#8220;off&#8220;][et_pb_row background_color=&#8220;#ffffff&#8220; _builder_version=&#8220;3.0.106&#8243; module_alignment=&#8220;center&#8220; custom_css_main_1=&#8220;z-index: 2;&#8220; custom_css_main_2=&#8220;z-index: 1;&#8220; disabled_on=&#8220;off|off|off&#8220; disabled=&#8220;off&#8220;][et_pb_column type=&#8220;1_2&#8243;][et_pb_image admin_label=&#8220;Bild (Desktop)&#8220; src=&#8220;https:\/\/www.k-rogge.de\/spezialisten\/wp-content\/uploads\/2018\/07\/rogge_illu-03.png&#8220; _builder_version=&#8220;3.0.106&#8243; show_in_lightbox=&#8220;off&#8220; url_new_window=&#8220;off&#8220; use_overlay=&#8220;off&#8220; always_center_on_mobile=&#8220;on&#8220; force_fullwidth=&#8220;off&#8220; show_bottom_space=&#8220;on&#8220; custom_css_main_element=&#8220;margin-top: -93px;||margin-left: 20px !important;&#8220; \/][\/et_pb_column][et_pb_column type=&#8220;1_2&#8243;][et_pb_text admin_label=&#8220;H3 Praktikum&#8220; _builder_version=&#8220;3.0.106&#8243; background_layout=&#8220;light&#8220; custom_css_main_element=&#8220;margin-top: -70px;&#8220;]<\/p>\n<h3 style=\"font-style: normal;\">PRAKTIKUM<br \/>\n<em style=\"color: #ff8700;\">BEI K. ROGGE<\/em><\/h3>\n<p>[\/et_pb_text][et_pb_text admin_label=&#8220;Fakten \u00dcbersicht&#8220; background_layout=&#8220;dark&#8220; _builder_version=&#8220;3.0.106&#8243; background_color=&#8220;#ff8700&#8243; module_class=&#8220;ro-shifet-red-box&#8220; custom_css_main_element=&#8220;margin-right: 40px;&#8220;]<\/p>\n<p><strong>Praktikumsdauer<\/strong><br \/>\n2 Wochen auf der Baustelle oder im B\u00fcro<\/p>\n<p><strong>Das solltest du mitbringen<\/strong><br \/>\nNeugier, Engagement, Pausenbr\u00f6tchen<\/p>\n<p><strong>Ziel des Praktikums<br \/>\n<\/strong>Am Ende des Praktikums hast du erste Handgriffe gelernt und wei\u00dft, ob der Beruf zu dir passt<\/p>\n<p>[\/et_pb_text][\/et_pb_column][\/et_pb_row][et_pb_row _builder_version=&#8220;3.0.106&#8243; background_size=&#8220;initial&#8220; background_position=&#8220;top_left&#8220; background_repeat=&#8220;repeat&#8220; background_color=&#8220;#ffffff&#8220;][et_pb_column type=&#8220;2_3&#8243;][et_pb_text _builder_version=&#8220;3.0.106&#8243; background_layout=&#8220;light&#8220; module_class=&#8220;ro-text-box-padding&#8220;]<\/p>\n<p>Noch nicht sicher, ob Stuckateur oder Trockenbaumonteur der Beruf f\u00fcr dich ist? Das verstehen wir &#8211; den passenden Job zu finden, ist schlie\u00dflich keine leichte Aufgabe. Deswegen bieten wir dir ein <strong>2-w\u00f6chiges Praktikum<\/strong> an, in dem du erstmal Baustellenluft schnuppern kannst.<\/p>\n<p>Du lernst erste Handgriffe, hilfst bei Bau- und Stuckarbeiten und findest so heraus, <strong>ob der Beruf zur dir passt<\/strong>. Wenn du dich geschickt anstellst und Spa\u00df bei der Arbeit hast, kann das Praktikum ein T\u00fcr\u00f6ffner f\u00fcr eine <strong>anschlie\u00dfende Ausbildung<\/strong> sein.<\/p>\n<p>Du jonglierst lieber mit Zahlen und bist neugierig, <strong>wie ein Unternehmen funktioniert<\/strong>? Auch im B\u00fcro warten abwechslungsreiche Aufgabenfelder von Projektplanung bis Personalverwaltung darauf, von dir erkundet zu werden.<\/p>\n<p>Neugierig geworden? <strong>Bewirb dich jetzt<\/strong> auf einen Praktikumsplatz und mache dir selbst ein Bild vom Abenteuer Baustelle!<\/p>\n<p>[\/et_pb_text][\/et_pb_column][et_pb_column type=&#8220;1_3&#8243;][\/et_pb_column][\/et_pb_row][et_pb_row custom_padding=&#8220;27px|0px|91px|0px&#8220; _builder_version=&#8220;3.0.106&#8243; background_size=&#8220;initial&#8220; background_position=&#8220;top_left&#8220; background_repeat=&#8220;repeat&#8220; background_color=&#8220;#ffffff&#8220; width_unit=&#8220;off&#8220; custom_width_percent=&#8220;70%&#8220;][et_pb_column type=&#8220;4_4&#8243;][et_pb_video src=&#8220;https:\/\/www.youtube.com\/watch?v=rVCM3MDEMKQ&#8220; _builder_version=&#8220;3.0.106&#8243; max_width=&#8220;70%&#8220; module_alignment=&#8220;center&#8220; \/][et_pb_video src=&#8220;https:\/\/www.youtube.com\/watch?v=rhc5hH-HaUc&#8220; _builder_version=&#8220;3.0.106&#8243; max_width=&#8220;70%&#8220; module_alignment=&#8220;center&#8220; \/][\/et_pb_column][\/et_pb_row][\/et_pb_section][et_pb_section bb_built=&#8220;1&#8243; fullwidth=&#8220;off&#8220; specialty=&#8220;off&#8220; prev_background_color=&#8220;#fdfdfd&#8220; next_background_color=&#8220;#fdfdfd&#8220; _builder_version=&#8220;3.0.106&#8243; disabled_on=&#8220;||on&#8220; disabled=&#8220;off&#8220;][et_pb_row _builder_version=&#8220;3.0.106&#8243; width_unit=&#8220;off&#8220; custom_width_percent=&#8220;100%&#8220;][et_pb_column type=&#8220;4_4&#8243;][et_pb_text admin_label=&#8220;H3 Praktikum (mobile)&#8220; _builder_version=&#8220;3.0.106&#8243; background_layout=&#8220;light&#8220; disabled_on=&#8220;|on|&#8220; disabled=&#8220;off&#8220;]<\/p>\n<h2 style=\"font-style: normal;\">PRAKTIKUM<br \/>\n<em style=\"color: #ff8700;\">BEI K. ROGGE<\/em><\/h2>\n<p>[\/et_pb_text][et_pb_text admin_label=&#8220;H3 Praktikum (tablet)&#8220; _builder_version=&#8220;3.0.106&#8243; background_layout=&#8220;light&#8220; disabled_on=&#8220;on||&#8220; disabled=&#8220;off&#8220; text_orientation=&#8220;center&#8220;]<\/p>\n<h2 style=\"font-style: normal;\">PRAKTIKUM<br \/>\n<em style=\"color: #ff8700;\">BEI K. ROGGE<\/em><\/h2>\n<p>[\/et_pb_text][et_pb_image _builder_version=&#8220;3.0.106&#8243; src=&#8220;https:\/\/www.k-rogge.de\/spezialisten\/wp-content\/uploads\/2018\/07\/rogge_illu-03.png&#8220; show_in_lightbox=&#8220;off&#8220; url_new_window=&#8220;off&#8220; use_overlay=&#8220;off&#8220; always_center_on_mobile=&#8220;on&#8220; force_fullwidth=&#8220;off&#8220; show_bottom_space=&#8220;on&#8220; \/][\/et_pb_column][\/et_pb_row][et_pb_row _builder_version=&#8220;3.0.106&#8243; make_fullwidth=&#8220;on&#8220; use_custom_width=&#8220;on&#8220; width_unit=&#8220;off&#8220; custom_width_px=&#8220;934px&#8220; custom_width_percent=&#8220;100%&#8220;][et_pb_column type=&#8220;4_4&#8243;][et_pb_text _builder_version=&#8220;3.0.106&#8243; background_layout=&#8220;dark&#8220; background_color=&#8220;#ff8700&#8243; custom_css_main_element=&#8220;padding: 10%&#8220;]<\/p>\n<p><strong>Ausbildungsdauer<\/strong><br \/>\n3 Jahre. Danach bist du Spezialbaufacharbeiter\/in.<\/p>\n<p><strong>Voraussetzungen<\/strong><br \/>\nmind. Haupt- oder Realschulabschluss, Zuverl\u00e4ssigkeit, Einsatzbereitschaft, k\u00f6rperliche Fitness.<\/p>\n<p><strong>Pr\u00fcfungen<br \/>\n<\/strong>Zwischenpr\u00fcfung in Theorie und Praxis zum Ende des 2. Lehrjahres. Abschlusspr\u00fcfung am Ende des 3. Jahres. Mit Abschlussnote 2 oder besser hast du eine Festanstellung bei uns in der Tasche.<\/p>\n<p>[\/et_pb_text][\/et_pb_column][\/et_pb_row][et_pb_row][et_pb_column type=&#8220;4_4&#8243;][et_pb_text _builder_version=&#8220;3.0.106&#8243; background_layout=&#8220;light&#8220;]<\/p>\n<p>Noch nicht sicher, ob Stuckateur oder Trockenbaumonteur der Beruf f\u00fcr dich ist? Das verstehen wir &#8211; den passenden Job zu finden, ist schlie\u00dflich keine leichte Aufgabe. Deswegen bieten wir dir ein <strong>2-w\u00f6chiges Praktikum<\/strong> an, in dem du erstmal Baustellenluft schnuppern kannst.<\/p>\n<p>Du lernst erste Handgriffe, hilfst bei Bau- und Stuckarbeiten und findest so heraus, <strong>ob der Beruf zur dir passt<\/strong>. Wenn du dich geschickt anstellst und Spa\u00df bei der Arbeit hast, kann das Praktikum ein T\u00fcr\u00f6ffner f\u00fcr eine <strong>anschlie\u00dfende Ausbildung<\/strong> sein.<\/p>\n<p>Neugierig geworden? <strong>Bewirb dich jetzt<\/strong> auf einen Praktikumsplatz und mache dir selbst ein Bild vom Abenteuer Baustelle!<\/p>\n<p>[\/et_pb_text][\/et_pb_column][\/et_pb_row][\/et_pb_section][et_pb_section bb_built=&#8220;1&#8243; module_class=&#8220;ro-expectations-section&#8220; _builder_version=&#8220;3.0.106&#8243; custom_padding=&#8220;0px|0px|0px|0px&#8220; prev_background_color=&#8220;#ffffff&#8220; next_background_color=&#8220;#ffffff&#8220; background_color=&#8220;#fdfdfd&#8220;][et_pb_row custom_padding=&#8220;0|0px|27px|0px&#8220; _builder_version=&#8220;3.0.106&#8243;][et_pb_column type=&#8220;4_4&#8243;][et_pb_text module_class=&#8220;ro-text-box-padding ro-expectations&#8220; _builder_version=&#8220;3.0.106&#8243; background_color=&#8220;#f3f3f3&#8243; background_layout=&#8220;light&#8220;]<\/p>\n<h3 class=\"ro-normal\"><em style=\"color: #ff8700;\">WIR<\/em> ERWARTEN VON DIR:<\/h3>\n<ul>\n<li><strong>Einsatzbereitschaft.\u00a0<\/strong>Und keine Scheu davor, kr\u00e4ftig anzupacken.<\/li>\n<li><strong>Wissensdurst.\u00a0<\/strong>Und den Willen, dich weiterzuentwickeln.<\/li>\n<li><strong>Zuverl\u00e4ssigkeit.<\/strong>\u00a0Und einen funktionierenden Wecker. Ganz wichtig.<\/li>\n<\/ul>\n<p><img decoding=\"async\" class=\"ro-expectations-img\" src=\"https:\/\/www.k-rogge.de\/spezialisten\/wp-content\/uploads\/2018\/07\/body-illu.png\" alt=\"K.Rogge Mitarbeiter\" \/><\/p>\n<p>[\/et_pb_text][\/et_pb_column][\/et_pb_row][\/et_pb_section][et_pb_section bb_built=&#8220;1&#8243; _builder_version=&#8220;3.0.47&#8243; prev_background_color=&#8220;#fdfdfd&#8220; next_background_color=&#8220;#323436&#8243;][et_pb_row custom_padding=&#8220;27px|0px|50px|0px&#8220; _builder_version=&#8220;3.0.47&#8243; background_size=&#8220;initial&#8220; background_position=&#8220;top_left&#8220; background_repeat=&#8220;repeat&#8220;][et_pb_column type=&#8220;1_4&#8243;][et_pb_image admin_label=&#8220;IHK&#8220; src=&#8220;https:\/\/www.k-rogge.de\/spezialisten\/wp-content\/uploads\/2018\/08\/logo-ihk.png&#8220; url=&#8220;https:\/\/www.ihk-berlin.de\/&#8220; url_new_window=&#8220;on&#8220; _builder_version=&#8220;3.0.106&#8243; \/][\/et_pb_column][et_pb_column type=&#8220;1_4&#8243;][et_pb_image admin_label=&#8220;Handwerkskammer&#8220; src=&#8220;https:\/\/www.k-rogge.de\/spezialisten\/wp-content\/uploads\/2018\/08\/logo-handwerkskammer.png&#8220; url=&#8220;https:\/\/www.hwk-berlin.de\/&#8220; url_new_window=&#8220;on&#8220; _builder_version=&#8220;3.0.106&#8243; \/][\/et_pb_column][et_pb_column type=&#8220;1_4&#8243;][et_pb_image admin_label=&#8220;FG Bau&#8220; src=&#8220;https:\/\/www.k-rogge.de\/spezialisten\/wp-content\/uploads\/2018\/08\/logo-fg-bau.png&#8220; url=&#8220;https:\/\/fg-bau.de\/&#8220; url_new_window=&#8220;on&#8220; _builder_version=&#8220;3.0.106&#8243; \/][\/et_pb_column][et_pb_column type=&#8220;1_4&#8243;][et_pb_image admin_label=&#8220;Lehrbauhof&#8220; src=&#8220;https:\/\/www.k-rogge.de\/spezialisten\/wp-content\/uploads\/2018\/08\/logo-lbh.png&#8220; url=&#8220;https:\/\/www.lehrbauhof-berlin.de\/&#8220; url_new_window=&#8220;on&#8220; _builder_version=&#8220;3.0.106&#8243; \/][\/et_pb_column][\/et_pb_row][et_pb_row _builder_version=&#8220;3.0.47&#8243; background_size=&#8220;initial&#8220; background_position=&#8220;top_left&#8220; background_repeat=&#8220;repeat&#8220;][et_pb_column type=&#8220;4_4&#8243;][et_pb_text admin_label=&#8220;H3 Bewirb dich jetzt&#8220; _builder_version=&#8220;3.0.106&#8243;]<\/p>\n<h3 class=\"ro-normal\">BEWIRB DICH JETZT UM<br \/>\n<em style=\"color: #ff8700;\">EINEN AUSBILDUNGSPLATZ<\/em><\/h3>\n<p>[\/et_pb_text][et_pb_image admin_label=&#8220;Formular&#8220; src=&#8220;https:\/\/www.k-rogge.de\/spezialisten\/wp-content\/uploads\/2018\/08\/formular.jpg&#8220; url=&#8220;mailto:bewerbung@k-rogge.de&#8220; show_bottom_space=&#8220;off&#8220; align=&#8220;center&#8220; _builder_version=&#8220;3.0.106&#8243; \/][\/et_pb_column][\/et_pb_row][\/et_pb_section][et_pb_section bb_built=&#8220;1&#8243; background_color=&#8220;#323436&#8243; _builder_version=&#8220;3.0.106&#8243; prev_background_color=&#8220;#ffffff&#8220; global_module=&#8220;62&#8243;][et_pb_row global_parent=&#8220;62&#8243; use_custom_width=&#8220;on&#8220; width_unit=&#8220;off&#8220; custom_width_percent=&#8220;85%&#8220; make_equal=&#8220;on&#8220; module_class_1=&#8220;ro-vertical-align&#8220; module_class_2=&#8220;ro-vertical-align&#8220; module_class_3=&#8220;ro-vertical-align&#8220; module_class_4=&#8220;ro-vertical-align&#8220; _builder_version=&#8220;3.0.106&#8243; module_alignment=&#8220;center&#8220;][et_pb_column type=&#8220;1_4&#8243;][et_pb_text admin_label=&#8220;Adresse&#8220; global_parent=&#8220;62&#8243; background_layout=&#8220;dark&#8220; module_class=&#8220;ro-footer&#8220; _builder_version=&#8220;3.0.106&#8243;]<\/p>\n<div style=\"margin: 0 auto;\"><span style=\"color: #ff8700;\">K. Rogge Spezialbau GmbH<\/span><\/p>\n<p>Saatwinkler Damm 13<br \/>13637 Berlin<\/p>\n<\/div>\n<p>[\/et_pb_text][\/et_pb_column][et_pb_column type=&#8220;1_4&#8243;][et_pb_text admin_label=&#8220;Kontakt&#8220; global_parent=&#8220;62&#8243; background_layout=&#8220;dark&#8220; module_class=&#8220;ro-footer&#8220; _builder_version=&#8220;3.0.106&#8243;]<\/p>\n<div style=\"margin: 0 auto;\"><span style=\"color: #ff8700;\">T <\/span> (030) 34 68 01 0<br \/><span style=\"color: #ff8700;\">F <\/span> (030) 34 52 69 1<br \/><span style=\"color: #ff8700;\">M <\/span> <a class=\"ro-footer-li-hover\" style=\"color: #ffffff;\" href=\"mailto:info@k-rogge.de\">info@k-rogge.de<\/a><\/div>\n<p>[\/et_pb_text][\/et_pb_column][et_pb_column type=&#8220;1_4&#8243;][et_pb_code admin_label=&#8220;Social Icons&#8220; global_parent=&#8220;62&#8243; _builder_version=&#8220;3.0.106&#8243; text_orientation=&#8220;center&#8220;]&lt;img src=&quot;https:\/\/www.k-rogge.de\/spezialisten\/wp-content\/uploads\/2018\/08\/Facebook.svg&quot; alt=&quot;Facebook&quot; class=&quot;ro-footer-social-icon style-svg&quot; style=&quot;height: 46px&quot;&gt;&lt;img src=&quot;https:\/\/www.k-rogge.de\/spezialisten\/wp-content\/uploads\/2018\/08\/Instagram.svg&quot; alt=&quot;Instagram&quot; class=&quot;ro-footer-social-icon style-svg&quot; style=&quot;height: 46px&quot;&gt;&lt;a href=&quot;https:\/\/www.youtube.com\/channel\/UCZXUcOYt-Bz-VeYBNB8-SsA&quot;&gt;&lt;img src=&quot;https:\/\/www.k-rogge.de\/spezialisten\/wp-content\/uploads\/2018\/08\/Youtube.svg&quot; alt=&quot;Youtube&quot; class=&quot;ro-footer-social-icon style-svg&quot; style=&quot;height: 46px&quot;&gt;&lt;\/a&gt;[\/et_pb_code][\/et_pb_column][et_pb_column type=&#8220;1_4&#8243;][et_pb_code global_parent=&#8220;62&#8243; _builder_version=&#8220;3.0.106&#8243;]&lt;img src=&quot;https:\/\/www.k-rogge.de\/spezialisten\/wp-content\/uploads\/2018\/08\/rogge_wms_logo274x71.svg&quot; class=&quot;style-svg&quot;&gt;[\/et_pb_code][\/et_pb_column][\/et_pb_row][\/et_pb_section]<\/p>\n","protected":false},"excerpt":{"rendered":"<p>&lt;script&gt;&lt;!&#8211; [et_pb_line_break_holder] &#8211;&gt;&lt;!&#8211; [et_pb_line_break_holder] &#8211;&gt;jQuery(window).scroll(function (event) {&lt;!&#8211; [et_pb_line_break_holder] &#8211;&gt; var scroll = jQuery(window).scrollTop();&lt;!&#8211; [et_pb_line_break_holder] &#8211;&gt; if (scroll &gt; jQuery(&#x27;#main-header&#x27;).outerHeight()) {&lt;!&#8211; [et_pb_line_break_holder] &#8211;&gt; if (jQuery(&#x27;#wpadminbar&#x27;).length) {&lt;!&#8211; [et_pb_line_break_holder] &#8211;&gt; jQuery(&#x27;#ro-logo-tr-img&#x27;).addClass(&#x27;ro-logo-tr-img-scrolled-admin&#x27;);&lt;!&#8211; [et_pb_line_break_holder] &#8211;&gt; }&lt;!&#8211; [et_pb_line_break_holder] &#8211;&gt; else {&lt;!&#8211; [et_pb_line_break_holder] &#8211;&gt; jQuery(&#x27;#ro-logo-tr-img&#x27;).addClass(&#x27;ro-logo-tr-img-scrolled&#x27;);&lt;!&#8211; [et_pb_line_break_holder] &#8211;&gt; }&lt;!&#8211; [et_pb_line_break_holder] &#8211;&gt;&lt;!&#8211; [et_pb_line_break_holder] &#8211;&gt; } else {&lt;!&#8211; [et_pb_line_break_holder] &#8211;&gt; jQuery(&#x27;#ro-logo-tr-img&#x27;).removeClass(&#x27;ro-logo-tr-img-scrolled&#x27;);&lt;!&#8211; [et_pb_line_break_holder] &#8211;&gt; jQuery(&#x27;#ro-logo-tr-img&#x27;).removeClass(&#x27;ro-logo-tr-img-scrolled-admin&#x27;);&lt;!&#8211; [et_pb_line_break_holder] [&hellip;]<\/p>\n","protected":false},"author":1,"featured_media":0,"parent":0,"menu_order":0,"comment_status":"closed","ping_status":"closed","template":"","meta":{"_et_pb_use_builder":"on","_et_pb_old_content":"","_et_gb_content_width":"","inline_featured_image":false,"footnotes":""},"_links":{"self":[{"href":"https:\/\/www.k-rogge.de\/spezialisten\/wp-json\/wp\/v2\/pages\/475"}],"collection":[{"href":"https:\/\/www.k-rogge.de\/spezialisten\/wp-json\/wp\/v2\/pages"}],"about":[{"href":"https:\/\/www.k-rogge.de\/spezialisten\/wp-json\/wp\/v2\/types\/page"}],"author":[{"embeddable":true,"href":"https:\/\/www.k-rogge.de\/spezialisten\/wp-json\/wp\/v2\/users\/1"}],"replies":[{"embeddable":true,"href":"https:\/\/www.k-rogge.de\/spezialisten\/wp-json\/wp\/v2\/comments?post=475"}],"version-history":[{"count":7,"href":"https:\/\/www.k-rogge.de\/spezialisten\/wp-json\/wp\/v2\/pages\/475\/revisions"}],"predecessor-version":[{"id":515,"href":"https:\/\/www.k-rogge.de\/spezialisten\/wp-json\/wp\/v2\/pages\/475\/revisions\/515"}],"wp:attachment":[{"href":"https:\/\/www.k-rogge.de\/spezialisten\/wp-json\/wp\/v2\/media?parent=475"}],"curies":[{"name":"wp","href":"https:\/\/api.w.org\/{rel}","templated":true}]}}