{"id":69,"date":"2018-08-01T16:47:05","date_gmt":"2018-08-01T14:47:05","guid":{"rendered":"http:\/\/www.k-rogge.de\/spezialisten\/?page_id=69"},"modified":"2023-01-23T16:14:39","modified_gmt":"2023-01-23T15:14:39","slug":"spezialist-werden","status":"publish","type":"page","link":"https:\/\/www.k-rogge.de\/spezialisten\/spezialist-werden\/","title":{"rendered":"Spezialist werden"},"content":{"rendered":"<p>[et_pb_section fb_built=&#8220;1&#8243; module_id=&#8220;ro-logo-tr&#8220; _builder_version=&#8220;3.0.106&#8243; background_color=&#8220;rgba(51,51,51,0)&#8220; global_module=&#8220;165&#8243; global_colors_info=&#8220;{}&#8220;][et_pb_row make_equal=&#8220;on&#8220; _builder_version=&#8220;4.16&#8243; global_colors_info=&#8220;{}&#8220;][et_pb_column type=&#8220;4_4&#8243; _builder_version=&#8220;4.16&#8243; custom_padding=&#8220;|||&#8220; global_colors_info=&#8220;{}&#8220; custom_padding__hover=&#8220;|||&#8220;][et_pb_code admin_label=&#8220;Logo oben rechts&#8220; _builder_version=&#8220;4.16&#8243; global_colors_info=&#8220;{}&#8220;]<a href=\"https:\/\/www.k-rogge.de\/\"><img decoding=\"async\" src=\"https:\/\/www.k-rogge.de\/spezialisten\/wp-content\/uploads\/2018\/08\/logo-tr-120.gif\" alt=\"K. Rogge Spezialbau\" id=\"ro-logo-tr-img\" class=\"ro-logo-tr-img-not-scrolled\"><\/a>[\/et_pb_code][et_pb_code _builder_version=&#8220;4.16&#8243; text_orientation=&#8220;left&#8220; width=&#8220;80%&#8220; max_width=&#8220;1080px&#8220; global_colors_info=&#8220;{}&#8220;]<script><!-- [et_pb_line_break_holder] --><!-- [et_pb_line_break_holder] -->jQuery(window).scroll(function (event) {<!-- [et_pb_line_break_holder] --> var scroll = jQuery(window).scrollTop();<!-- [et_pb_line_break_holder] --> if (scroll > jQuery('#main-header').outerHeight()) {<!-- [et_pb_line_break_holder] --> if (jQuery('#wpadminbar').length) {<!-- [et_pb_line_break_holder] --> jQuery('#ro-logo-tr-img').addClass('ro-logo-tr-img-scrolled-admin');<!-- [et_pb_line_break_holder] --> }<!-- [et_pb_line_break_holder] --> else {<!-- [et_pb_line_break_holder] --> jQuery('#ro-logo-tr-img').addClass('ro-logo-tr-img-scrolled');<!-- [et_pb_line_break_holder] --> }<!-- [et_pb_line_break_holder] --><!-- [et_pb_line_break_holder] --> } else {<!-- [et_pb_line_break_holder] --> jQuery('#ro-logo-tr-img').removeClass('ro-logo-tr-img-scrolled');<!-- [et_pb_line_break_holder] --> jQuery('#ro-logo-tr-img').removeClass('ro-logo-tr-img-scrolled-admin');<!-- [et_pb_line_break_holder] --> }<!-- [et_pb_line_break_holder] -->});<!-- [et_pb_line_break_holder] --><!-- [et_pb_line_break_holder] --><\/script>[\/et_pb_code][\/et_pb_column][\/et_pb_row][\/et_pb_section][et_pb_section fb_built=&#8220;1&#8243; disabled_on=&#8220;off|off|&#8220; module_class=&#8220;ro-header&#8220; _builder_version=&#8220;4.16&#8243; background_color=&#8220;#f3f3f3&#8243; parallax=&#8220;on&#8220; module_alignment=&#8220;center&#8220; custom_padding=&#8220;0px|0px|21px|0px&#8220; global_colors_info=&#8220;{}&#8220;][et_pb_row use_custom_gutter=&#8220;on&#8220; gutter_width=&#8220;2&#8243; make_equal=&#8220;on&#8220; module_class=&#8220;ro-header-row&#8220; _builder_version=&#8220;4.16&#8243; width=&#8220;75%&#8220; max_width=&#8220;75%&#8220; use_custom_width=&#8220;on&#8220; width_unit=&#8220;off&#8220; custom_width_percent=&#8220;75%&#8220; global_colors_info=&#8220;{}&#8220; column_structure=&#8220;2_3,1_3&#8243;][et_pb_column type=&#8220;2_3&#8243; module_class=&#8220;ro-vertical-align&#8220; _builder_version=&#8220;4.16&#8243; custom_padding=&#8220;|||&#8220; global_colors_info=&#8220;{}&#8220; custom_padding__hover=&#8220;|||&#8220;][et_pb_text admin_label=&#8220;Header Text&#8220; module_class=&#8220;ro-header-text&#8220; _builder_version=&#8220;4.16&#8243; global_colors_info=&#8220;{}&#8220;]<\/p>\n<h2>WIR <em style=\"color: #ff8700;\">MACHEN<\/em><br \/>\nSPEZIALISTEN<\/h2>\n<p>Du hast zwei M\u00f6glichkeiten bei K. Rogge in deine Zukunft zu starten: per\u00a0<strong>Ausbildung <\/strong>oder\u00a0<strong>dualem Studium.<\/strong> Die Theorie lernst du an der Hoch- bzw. Berufsschule. Im Betrieb setzt du das Gelernte direkt in die Praxis um. So hast du am Ende deiner Lehre Wissen und Berufserfahrung gesammelt und bist f\u00fcr die Zukunft gewappnet. Und keine Sorge &#8211; wenn du noch nicht sicher bist, ob Baustellenluft dein Duft ist, kannst du <strong>mit einem Praktikum reinschnuppern.<\/strong><br \/>\n[\/et_pb_text][\/et_pb_column][et_pb_column type=&#8220;1_3&#8243; module_class=&#8220;ro-vertical-align&#8220; _builder_version=&#8220;4.16&#8243; custom_padding=&#8220;|||&#8220; global_colors_info=&#8220;{}&#8220; custom_padding__hover=&#8220;|||&#8220;][et_pb_image src=&#8220;https:\/\/www.k-rogge.de\/spezialisten\/wp-content\/uploads\/2018\/07\/header-illu.png&#8220; align_tablet=&#8220;center&#8220; align_last_edited=&#8220;on|desktop&#8220; disabled_on=&#8220;on|on|off&#8220; admin_label=&#8220;Illustration Header&#8220; module_class=&#8220;ro-header-image-rechts&#8220; _builder_version=&#8220;4.16&#8243; always_center_on_mobile=&#8220;on&#8220; global_colors_info=&#8220;{}&#8220; align_phone=&#8220;center&#8220;]&nbsp;<br \/>\n[\/et_pb_image][\/et_pb_column][\/et_pb_row][\/et_pb_section][et_pb_section fb_built=&#8220;1&#8243; disabled_on=&#8220;on|on|on&#8220; module_class=&#8220;ro-header&#8220; _builder_version=&#8220;4.16&#8243; background_color=&#8220;#f3f3f3&#8243; parallax=&#8220;on&#8220; module_alignment=&#8220;center&#8220; custom_padding=&#8220;0px|0px|21px|0px&#8220; disabled=&#8220;on&#8220; global_colors_info=&#8220;{}&#8220;][et_pb_row use_custom_gutter=&#8220;on&#8220; gutter_width=&#8220;2&#8243; make_equal=&#8220;on&#8220; module_class=&#8220;ro-header-row&#8220; _builder_version=&#8220;4.16&#8243; width=&#8220;75%&#8220; max_width=&#8220;75%&#8220; use_custom_width=&#8220;on&#8220; width_unit=&#8220;off&#8220; custom_width_percent=&#8220;75%&#8220; global_colors_info=&#8220;{}&#8220;][et_pb_column type=&#8220;4_4&#8243; module_class=&#8220;ro-vertical-align&#8220; _builder_version=&#8220;4.16&#8243; custom_padding=&#8220;|||&#8220; global_colors_info=&#8220;{}&#8220; custom_padding__hover=&#8220;|||&#8220;][et_pb_image src=&#8220;https:\/\/www.k-rogge.de\/spezialisten\/wp-content\/uploads\/2018\/07\/header-illu.png&#8220; align_tablet=&#8220;center&#8220; align_last_edited=&#8220;on|desktop&#8220; admin_label=&#8220;Illustration Header&#8220; module_class=&#8220;ro-header-image&#8220; _builder_version=&#8220;4.16&#8243; global_colors_info=&#8220;{}&#8220; align_phone=&#8220;center&#8220;]&nbsp;<br \/>\n[\/et_pb_image][et_pb_text admin_label=&#8220;Header Text&#8220; module_class=&#8220;ro-header-text&#8220; _builder_version=&#8220;4.16&#8243; global_colors_info=&#8220;{}&#8220;]<\/p>\n<h2>WIR <em style=\"color: #ff8700;\">MACHEN<\/em><br \/>\nSPEZIALISTEN<\/h2>\n<p><strong>Unser Unternehmen wurde<\/strong> vor \u00fcber f\u00fcnf Jahrzehnten, am 1. April 1966, vom Stuckateurmeister <strong>Klaus Rogge<\/strong> gegr\u00fcndet und geh\u00f6rt damit zu den traditionsreichsten Handwerksbetrieben Berlins.<br \/>\nWir besch\u00e4ftigen heute \u00fcber 130 gewerbliche Fachkr\u00e4fte, 20 Auszubildende und<br \/>\n<strong>30 kaufm\u00e4nnische und technische Angestellte<\/strong>. Als anerkannter Ausbildungsbetrieb sind wir seit Jahrzehnten in der Aus- und Weiterbildung t\u00e4tig.<br \/>\n[\/et_pb_text][\/et_pb_column][\/et_pb_row][\/et_pb_section][et_pb_section fb_built=&#8220;1&#8243; custom_padding_last_edited=&#8220;off|phone&#8220; admin_label=&#8220;Quick Menue&#8220; module_class=&#8220;ro-quick-nav-section&#8220; _builder_version=&#8220;4.16&#8243; use_background_color_gradient=&#8220;on&#8220; background_color_gradient_stops=&#8220;#f3f3f3 0%|#fdfdfd 100%&#8220; background_color_gradient_start=&#8220;#f3f3f3&#8243; background_color_gradient_end=&#8220;#fdfdfd&#8220; custom_margin_last_edited=&#8220;off|tablet&#8220; custom_padding=&#8220;54px|0px|0|0px&#8220; global_colors_info=&#8220;{}&#8220;][et_pb_row use_custom_gutter=&#8220;on&#8220; gutter_width=&#8220;2&#8243; module_class=&#8220;ro-quick-nav-row ro-less-shift&#8220; _builder_version=&#8220;4.16&#8243; global_colors_info=&#8220;{}&#8220; column_structure=&#8220;1_4,1_4,1_4,1_4&#8243;][et_pb_column type=&#8220;1_4&#8243; _builder_version=&#8220;4.16&#8243; custom_padding=&#8220;|||&#8220; global_colors_info=&#8220;{}&#8220; custom_padding__hover=&#8220;|||&#8220;][et_pb_code admin_label=&#8220;Button Ausbildung&#8220; module_class=&#8220;ro-link-container&#8220; _builder_version=&#8220;4.16&#8243; global_colors_info=&#8220;{}&#8220;]<a href=\"https:\/\/www.k-rogge.de\/spezialisten\/index.php\/ausbildung\/\" class=\"ro-quick-nav ro-less-shift\">AUSBILDUNG<\/a>[\/et_pb_code][\/et_pb_column][et_pb_column type=&#8220;1_4&#8243; _builder_version=&#8220;4.16&#8243; custom_padding=&#8220;|||&#8220; global_colors_info=&#8220;{}&#8220; custom_padding__hover=&#8220;|||&#8220;][et_pb_code admin_label=&#8220;Button Studium&#8220; module_class=&#8220;ro-link-container&#8220; _builder_version=&#8220;4.16&#8243; global_colors_info=&#8220;{}&#8220;]<a href=\"https:\/\/www.k-rogge.de\/spezialisten\/index.php\/studium\/\" class=\"ro-quick-nav ro-less-shift\">STUDIUM<\/a>[\/et_pb_code][\/et_pb_column][et_pb_column type=&#8220;1_4&#8243; _builder_version=&#8220;4.16&#8243; custom_padding=&#8220;|||&#8220; global_colors_info=&#8220;{}&#8220; custom_padding__hover=&#8220;|||&#8220;][et_pb_code admin_label=&#8220;Button Praktikum&#8220; module_class=&#8220;ro-link-container&#8220; _builder_version=&#8220;4.16&#8243; global_colors_info=&#8220;{}&#8220;]<a href=\"https:\/\/www.k-rogge.de\/spezialisten\/index.php\/praktikum\/\" class=\"ro-quick-nav ro-less-shift\">PRAKTIKUM<\/a>[\/et_pb_code][\/et_pb_column][et_pb_column type=&#8220;1_4&#8243; _builder_version=&#8220;4.16&#8243; custom_padding=&#8220;|||&#8220; global_colors_info=&#8220;{}&#8220; custom_padding__hover=&#8220;|||&#8220;][et_pb_code admin_label=&#8220;Button Setellenangebote&#8220; module_class=&#8220;ro-link-container&#8220; _builder_version=&#8220;4.16&#8243; global_colors_info=&#8220;{}&#8220;]<a href=\"https:\/\/www.k-rogge.de\/spezialisten\/index.php\/stellenangebote\/\" class=\"ro-quick-nav ro-less-shift\">STELLEN\u00adANGEBOTE<\/a>[\/et_pb_code][\/et_pb_column][\/et_pb_row][\/et_pb_section][et_pb_section fb_built=&#8220;1&#8243; _builder_version=&#8220;3.0.106&#8243; background_color=&#8220;#323436&#8243; global_module=&#8220;62&#8243; global_colors_info=&#8220;{}&#8220;][et_pb_row make_equal=&#8220;on&#8220; _builder_version=&#8220;4.16&#8243; width=&#8220;85%&#8220; max_width=&#8220;85%&#8220; module_alignment=&#8220;center&#8220; use_custom_width=&#8220;on&#8220; width_unit=&#8220;off&#8220; custom_width_percent=&#8220;85%&#8220; global_colors_info=&#8220;{}&#8220; column_structure=&#8220;1_4,1_4,1_4,1_4&#8243;][et_pb_column type=&#8220;1_4&#8243; module_class=&#8220;ro-vertical-align&#8220; _builder_version=&#8220;4.16&#8243; custom_padding=&#8220;|||&#8220; global_colors_info=&#8220;{}&#8220; custom_padding__hover=&#8220;|||&#8220;][et_pb_text admin_label=&#8220;Adresse&#8220; module_class=&#8220;ro-footer&#8220; _builder_version=&#8220;4.16&#8243; background_layout=&#8220;dark&#8220; global_colors_info=&#8220;{}&#8220;]<\/p>\n<div style=\"margin: 0 auto;\"><span style=\"color: #ff8700;\">K. Rogge Spezialbau GmbH<\/span><\/p>\n<p>Saatwinkler Damm 13<br \/>13627 Berlin<\/p>\n<\/div>\n<p>[\/et_pb_text][\/et_pb_column][et_pb_column type=&#8220;1_4&#8243; module_class=&#8220;ro-vertical-align&#8220; _builder_version=&#8220;4.16&#8243; custom_padding=&#8220;|||&#8220; global_colors_info=&#8220;{}&#8220; custom_padding__hover=&#8220;|||&#8220;][et_pb_text admin_label=&#8220;Kontakt&#8220; module_class=&#8220;ro-footer&#8220; _builder_version=&#8220;4.16&#8243; background_layout=&#8220;dark&#8220; global_colors_info=&#8220;{}&#8220;]<\/p>\n<div style=\"margin: 0 auto;\"><span style=\"color: #ff8700;\">T <\/span> (030) 34 68 01 0<br \/><span style=\"color: #ff8700;\">F <\/span> (030) 34 52 96 1<br \/><span style=\"color: #ff8700;\">M <\/span> <a class=\"ro-footer-li-hover\" style=\"color: #ffffff;\" href=\"mailto:info@k-rogge.de\">info@k-rogge.de<\/a><\/div>\n<p>[\/et_pb_text][\/et_pb_column][et_pb_column type=&#8220;1_4&#8243; module_class=&#8220;ro-vertical-align&#8220; _builder_version=&#8220;4.16&#8243; custom_padding=&#8220;|||&#8220; global_colors_info=&#8220;{}&#8220; custom_padding__hover=&#8220;|||&#8220;][et_pb_code admin_label=&#8220;Social Icons&#8220; _builder_version=&#8220;4.16&#8243; text_orientation=&#8220;center&#8220; global_colors_info=&#8220;{}&#8220;]<a href=\"https:\/\/de-de.facebook.com\/kroggespezialbau\/\"><img decoding=\"async\" src=\"https:\/\/www.k-rogge.de\/spezialisten\/wp-content\/uploads\/2018\/08\/Facebook.svg\" alt=\"Facebook\" class=\"ro-footer-social-icon style-svg\" style=\"height: 46px\"><\/a><a href=\"https:\/\/www.instagram.com\/k.rogge_spezialbau_gmbh\/\"><img decoding=\"async\" src=\"https:\/\/www.k-rogge.de\/spezialisten\/wp-content\/uploads\/2018\/08\/Instagram.svg\" alt=\"Instagram\" class=\"ro-footer-social-icon style-svg\" style=\"height: 46px\"><\/a><a href=\"https:\/\/www.youtube.com\/channel\/UCZXUcOYt-Bz-VeYBNB8-SsA\"><img decoding=\"async\" src=\"https:\/\/www.k-rogge.de\/spezialisten\/wp-content\/uploads\/2018\/08\/Youtube.svg\" alt=\"Youtube\" class=\"ro-footer-social-icon style-svg\" style=\"height: 46px\"><\/a>[\/et_pb_code][\/et_pb_column][et_pb_column type=&#8220;1_4&#8243; module_class=&#8220;ro-vertical-align&#8220; _builder_version=&#8220;4.16&#8243; custom_padding=&#8220;|||&#8220; global_colors_info=&#8220;{}&#8220; custom_padding__hover=&#8220;|||&#8220;][et_pb_code _builder_version=&#8220;4.16&#8243; text_orientation=&#8220;left&#8220; width=&#8220;80%&#8220; max_width=&#8220;1080px&#8220; global_colors_info=&#8220;{}&#8220;]<img decoding=\"async\" src=\"https:\/\/www.k-rogge.de\/spezialisten\/wp-content\/uploads\/2018\/08\/rogge_wms_logo274x71.svg\" class=\"style-svg\">[\/et_pb_code][\/et_pb_column][\/et_pb_row][\/et_pb_section]<\/p>\n","protected":false},"excerpt":{"rendered":"<p>WIR MACHEN SPEZIALISTEN Du hast zwei M\u00f6glichkeiten bei K. Rogge in deine Zukunft zu starten: per\u00a0Ausbildung oder\u00a0dualem Studium. Die Theorie lernst du an der Hoch- bzw. Berufsschule. Im Betrieb setzt du das Gelernte direkt in die Praxis um. So hast du am Ende deiner Lehre Wissen und Berufserfahrung gesammelt und bist f\u00fcr die Zukunft gewappnet. [&hellip;]<\/p>\n","protected":false},"author":1,"featured_media":0,"parent":0,"menu_order":0,"comment_status":"closed","ping_status":"closed","template":"","meta":{"_et_pb_use_builder":"on","_et_pb_old_content":"","_et_gb_content_width":"","inline_featured_image":false,"footnotes":""},"_links":{"self":[{"href":"https:\/\/www.k-rogge.de\/spezialisten\/wp-json\/wp\/v2\/pages\/69"}],"collection":[{"href":"https:\/\/www.k-rogge.de\/spezialisten\/wp-json\/wp\/v2\/pages"}],"about":[{"href":"https:\/\/www.k-rogge.de\/spezialisten\/wp-json\/wp\/v2\/types\/page"}],"author":[{"embeddable":true,"href":"https:\/\/www.k-rogge.de\/spezialisten\/wp-json\/wp\/v2\/users\/1"}],"replies":[{"embeddable":true,"href":"https:\/\/www.k-rogge.de\/spezialisten\/wp-json\/wp\/v2\/comments?post=69"}],"version-history":[{"count":28,"href":"https:\/\/www.k-rogge.de\/spezialisten\/wp-json\/wp\/v2\/pages\/69\/revisions"}],"predecessor-version":[{"id":698,"href":"https:\/\/www.k-rogge.de\/spezialisten\/wp-json\/wp\/v2\/pages\/69\/revisions\/698"}],"wp:attachment":[{"href":"https:\/\/www.k-rogge.de\/spezialisten\/wp-json\/wp\/v2\/media?parent=69"}],"curies":[{"name":"wp","href":"https:\/\/api.w.org\/{rel}","templated":true}]}}