{"id":94,"date":"2018-08-03T10:20:04","date_gmt":"2018-08-03T08:20:04","guid":{"rendered":"http:\/\/www.k-rogge.de\/spezialisten\/?page_id=94"},"modified":"2023-01-23T16:18:21","modified_gmt":"2023-01-23T15:18:21","slug":"ausbildung","status":"publish","type":"page","link":"https:\/\/www.k-rogge.de\/spezialisten\/ausbildung\/","title":{"rendered":"Ausbildung"},"content":{"rendered":"<p>[et_pb_section fb_built=&#8220;1&#8243; module_id=&#8220;ro-logo-tr&#8220; _builder_version=&#8220;3.0.106&#8243; background_color=&#8220;rgba(51,51,51,0)&#8220; global_module=&#8220;165&#8243; global_colors_info=&#8220;{}&#8220;][et_pb_row make_equal=&#8220;on&#8220; _builder_version=&#8220;4.16&#8243; global_colors_info=&#8220;{}&#8220;][et_pb_column type=&#8220;4_4&#8243; _builder_version=&#8220;4.16&#8243; custom_padding=&#8220;|||&#8220; global_colors_info=&#8220;{}&#8220; custom_padding__hover=&#8220;|||&#8220;][et_pb_code admin_label=&#8220;Logo oben rechts&#8220; _builder_version=&#8220;4.16&#8243; global_colors_info=&#8220;{}&#8220;]<a href=\"https:\/\/www.k-rogge.de\/\"><img decoding=\"async\" src=\"https:\/\/www.k-rogge.de\/spezialisten\/wp-content\/uploads\/2018\/08\/logo-tr-120.gif\" alt=\"K. Rogge Spezialbau\" id=\"ro-logo-tr-img\" class=\"ro-logo-tr-img-not-scrolled\"><\/a>[\/et_pb_code][et_pb_code _builder_version=&#8220;4.16&#8243; text_orientation=&#8220;left&#8220; width=&#8220;80%&#8220; max_width=&#8220;1080px&#8220; global_colors_info=&#8220;{}&#8220;]<script><!-- [et_pb_line_break_holder] --><!-- [et_pb_line_break_holder] -->jQuery(window).scroll(function (event) {<!-- [et_pb_line_break_holder] --> var scroll = jQuery(window).scrollTop();<!-- [et_pb_line_break_holder] --> if (scroll > jQuery('#main-header').outerHeight()) {<!-- [et_pb_line_break_holder] --> if (jQuery('#wpadminbar').length) {<!-- [et_pb_line_break_holder] --> jQuery('#ro-logo-tr-img').addClass('ro-logo-tr-img-scrolled-admin');<!-- [et_pb_line_break_holder] --> }<!-- [et_pb_line_break_holder] --> else {<!-- [et_pb_line_break_holder] --> jQuery('#ro-logo-tr-img').addClass('ro-logo-tr-img-scrolled');<!-- [et_pb_line_break_holder] --> }<!-- [et_pb_line_break_holder] --><!-- [et_pb_line_break_holder] --> } else {<!-- [et_pb_line_break_holder] --> jQuery('#ro-logo-tr-img').removeClass('ro-logo-tr-img-scrolled');<!-- [et_pb_line_break_holder] --> jQuery('#ro-logo-tr-img').removeClass('ro-logo-tr-img-scrolled-admin');<!-- [et_pb_line_break_holder] --> }<!-- [et_pb_line_break_holder] -->});<!-- [et_pb_line_break_holder] --><!-- [et_pb_line_break_holder] --><\/script>[\/et_pb_code][\/et_pb_column][\/et_pb_row][\/et_pb_section][et_pb_section fb_built=&#8220;1&#8243; disabled_on=&#8220;on|on|on&#8220; module_id=&#8220;ro-cta-overlay&#8220; _builder_version=&#8220;4.16&#8243; background_color=&#8220;rgba(51,51,51,0)&#8220; disabled=&#8220;on&#8220; global_colors_info=&#8220;{}&#8220;][et_pb_row make_equal=&#8220;on&#8220; _builder_version=&#8220;4.16&#8243; global_colors_info=&#8220;{}&#8220;][et_pb_column type=&#8220;4_4&#8243; _builder_version=&#8220;4.16&#8243; custom_padding=&#8220;|||&#8220; global_colors_info=&#8220;{}&#8220; custom_padding__hover=&#8220;|||&#8220;][et_pb_code admin_label=&#8220;Fiexed CTA &#8211; Jetzt Bewerben&#8220; _builder_version=&#8220;4.16&#8243; global_colors_info=&#8220;{}&#8220;]<a href=\"mailto:bewerbung@k-rogge.de\" target=\"_blank\" class=\"ro-cta-overlay-link\" rel=\"noopener\">JETZT BEWERBEN<\/a>[\/et_pb_code][\/et_pb_column][\/et_pb_row][\/et_pb_section][et_pb_section fb_built=&#8220;1&#8243; _builder_version=&#8220;4.16&#8243; global_colors_info=&#8220;{}&#8220;][et_pb_row _builder_version=&#8220;4.16&#8243; background_size=&#8220;initial&#8220; background_position=&#8220;top_left&#8220; background_repeat=&#8220;repeat&#8220; global_colors_info=&#8220;{}&#8220;][et_pb_column type=&#8220;4_4&#8243; _builder_version=&#8220;4.16&#8243; custom_padding=&#8220;|||&#8220; global_colors_info=&#8220;{}&#8220; custom_padding__hover=&#8220;|||&#8220;][et_pb_text admin_label=&#8220;Header Text&#8220; module_class=&#8220;ro-header-text&#8220; _builder_version=&#8220;4.16&#8243; global_colors_info=&#8220;{}&#8220;]<\/p>\n<h2>DEINE <em style=\"color: #ff8700;\">AUSBILDUNG<\/em><br \/>\nZUM SPEZIALISTEN<\/h2>\n<p>[\/et_pb_text][\/et_pb_column][\/et_pb_row][\/et_pb_section][et_pb_section fb_built=&#8220;1&#8243; _builder_version=&#8220;4.16&#8243; use_background_color_gradient=&#8220;on&#8220; background_color_gradient_stops=&#8220;#f3f3f3 0%|#fdfdfd 100%&#8220; background_color_gradient_start=&#8220;#f3f3f3&#8243; background_color_gradient_end=&#8220;#fdfdfd&#8220; custom_padding=&#8220;||58px|&#8220; global_colors_info=&#8220;{}&#8220;][et_pb_row make_equal=&#8220;on&#8220; module_id=&#8220;ro-ausbildung-uebersicht&#8220; _builder_version=&#8220;4.16&#8243; background_size=&#8220;initial&#8220; background_position=&#8220;top_left&#8220; background_repeat=&#8220;repeat&#8220; custom_css_main_element=&#8220;margin-top: -55px;&#8220; global_colors_info=&#8220;{}&#8220; column_structure=&#8220;1_3,1_3,1_3&#8243;][et_pb_column type=&#8220;1_3&#8243; _builder_version=&#8220;4.16&#8243; custom_padding=&#8220;|||&#8220; global_colors_info=&#8220;{}&#8220; custom_padding__hover=&#8220;|||&#8220;][et_pb_text module_class=&#8220;ro-shifted-text-box ro-first-box&#8220; _builder_version=&#8220;4.16&#8243; background_color=&#8220;#ffffff&#8220; text_orientation=&#8220;center&#8220; global_colors_info=&#8220;{}&#8220;]<a href=\"https:\/\/www.k-rogge.de\/spezialisten\/index.php\/ausbildung-stuckateur\/\"><img decoding=\"async\" class=\"aligncenter ro-shifted-image\" src=\"https:\/\/www.k-rogge.de\/spezialisten\/wp-content\/uploads\/2018\/07\/rogge_illu-03.png\" alt=\"K.Rogge Mitarbeiter\" \/><\/a><\/p>\n<h3 style=\"text-align: center; color: #ff8700;\">Stuckateur (m\/w\/d)<\/h3>\n<p style=\"text-align: center;\">Als <strong>Stuckateur<\/strong> brauchst du eine <strong>ruhige Hand <\/strong>und <strong>eine Prise Sch\u00f6pfungskraft<\/strong>. Du verputzt W\u00e4nde und verzierst sie mit kunstvollen Ornamenten. Auch das Restaurieren von historischen Stuckelementen geh\u00f6rt zu deinen Aufgaben.<\/p>\n<p style=\"text-align: center;\"><a class=\"ro-button-light\" href=\"https:\/\/www.k-rogge.de\/spezialisten\/index.php\/ausbildung-stuckateur\/\">MEHR ERFAHREN<\/a><\/p>\n<p>[\/et_pb_text][\/et_pb_column][et_pb_column type=&#8220;1_3&#8243; _builder_version=&#8220;4.16&#8243; custom_padding=&#8220;|||&#8220; global_colors_info=&#8220;{}&#8220; custom_padding__hover=&#8220;|||&#8220;][et_pb_text module_class=&#8220;ro-shifted-text-box&#8220; _builder_version=&#8220;4.16&#8243; background_color=&#8220;#ffffff&#8220; text_orientation=&#8220;center&#8220; global_colors_info=&#8220;{}&#8220;]<a href=\"https:\/\/www.k-rogge.de\/spezialisten\/index.php\/ausbildung-trockenbau\/\"><img decoding=\"async\" class=\"aligncenter ro-shifted-image\" src=\"https:\/\/www.k-rogge.de\/spezialisten\/wp-content\/uploads\/2018\/07\/rogge_illu-02.png\" alt=\"K.Rogge Mitarbeiter\" \/><\/a><\/p>\n<h3 style=\"text-align: center; color: #ff8700;\">Trockenbau-<br \/>\nmonteur (m\/w\/d)<\/h3>\n<p style=\"text-align: center;\">Als <strong>Trockenbaumonteur<\/strong>\u00a0verwandelst du den <strong>Traum zum Raum<\/strong>. Deine Arbeit beginnt, wenn der Rohbau steht: Du ziehst W\u00e4nde, h\u00e4ngst Decken ein, bearbeitest Holz-, Gips- und Metallelemente und <strong>verleihst R\u00e4umen ihre Struktur.<\/strong><\/p>\n<p style=\"text-align: center;\"><a class=\"ro-button-light\" href=\"https:\/\/www.k-rogge.de\/spezialisten\/index.php\/ausbildung-trockenbau\/\">MEHR ERFAHREN<\/a><\/p>\n<p>[\/et_pb_text][\/et_pb_column][et_pb_column type=&#8220;1_3&#8243; _builder_version=&#8220;4.16&#8243; custom_padding=&#8220;|||&#8220; global_colors_info=&#8220;{}&#8220; custom_padding__hover=&#8220;|||&#8220;][et_pb_text module_class=&#8220;ro-shifted-text-box&#8220; _builder_version=&#8220;4.16&#8243; background_color=&#8220;#ffffff&#8220; text_orientation=&#8220;center&#8220; global_colors_info=&#8220;{}&#8220;]<a href=\"https:\/\/www.k-rogge.de\/spezialisten\/index.php\/ausbildung-industriekaufmann\/\"><img decoding=\"async\" class=\"aligncenter ro-shifted-image\" src=\"https:\/\/www.k-rogge.de\/spezialisten\/wp-content\/uploads\/2018\/09\/inustriekaufmann.png\" alt=\"K.Rogge Mitarbeiter\" \/><\/a><\/p>\n<h3 style=\"text-align: center; color: #ff8700;\">Industriekaufmann\/-frau<\/h3>\n<p>Als<strong> Industriekaufmann\/-frau<\/strong>\u00a0l\u00e4sst du nicht die Muskeln spielen &#8211; sondern den Kopf. Indem du Auftr\u00e4ge an Land ziehst, Kosten kalkulierst, Personal einteilst und neue Kunden gewinnst, <strong>bringst du das Gesch\u00e4ft zum Bl\u00fchen.<\/strong><\/p>\n<p style=\"text-align: center;\"><a class=\"ro-button-light\" href=\"https:\/\/www.k-rogge.de\/spezialisten\/index.php\/ausbildung-industriekaufmann\/\">MEHR ERFAHREN<\/a><\/p>\n<p>[\/et_pb_text][\/et_pb_column][\/et_pb_row][\/et_pb_section][et_pb_section fb_built=&#8220;1&#8243; _builder_version=&#8220;4.16&#8243; global_colors_info=&#8220;{}&#8220;][et_pb_row _builder_version=&#8220;4.16&#8243; background_size=&#8220;initial&#8220; background_position=&#8220;top_left&#8220; background_repeat=&#8220;repeat&#8220; custom_padding=&#8220;27px|0px|50px|0px&#8220; global_colors_info=&#8220;{}&#8220; column_structure=&#8220;1_4,1_4,1_4,1_4&#8243;][et_pb_column type=&#8220;1_4&#8243; _builder_version=&#8220;4.16&#8243; custom_padding=&#8220;|||&#8220; global_colors_info=&#8220;{}&#8220; custom_padding__hover=&#8220;|||&#8220;][et_pb_image src=&#8220;https:\/\/www.k-rogge.de\/spezialisten\/wp-content\/uploads\/2018\/08\/logo-ihk.png&#8220; url=&#8220;https:\/\/www.ihk-berlin.de\/&#8220; url_new_window=&#8220;on&#8220; align_tablet=&#8220;center&#8220; align_last_edited=&#8220;on|desktop&#8220; admin_label=&#8220;IHK&#8220; _builder_version=&#8220;4.16&#8243; global_colors_info=&#8220;{}&#8220; align_phone=&#8220;center&#8220;][\/et_pb_image][\/et_pb_column][et_pb_column type=&#8220;1_4&#8243; _builder_version=&#8220;4.16&#8243; custom_padding=&#8220;|||&#8220; global_colors_info=&#8220;{}&#8220; custom_padding__hover=&#8220;|||&#8220;][et_pb_image src=&#8220;https:\/\/www.k-rogge.de\/spezialisten\/wp-content\/uploads\/2018\/08\/logo-handwerkskammer.png&#8220; url=&#8220;https:\/\/www.hwk-berlin.de\/&#8220; url_new_window=&#8220;on&#8220; align_tablet=&#8220;center&#8220; align_last_edited=&#8220;on|desktop&#8220; admin_label=&#8220;Handwerkskammer&#8220; _builder_version=&#8220;4.16&#8243; global_colors_info=&#8220;{}&#8220; align_phone=&#8220;center&#8220;][\/et_pb_image][\/et_pb_column][et_pb_column type=&#8220;1_4&#8243; _builder_version=&#8220;4.16&#8243; custom_padding=&#8220;|||&#8220; global_colors_info=&#8220;{}&#8220; custom_padding__hover=&#8220;|||&#8220;][et_pb_image src=&#8220;https:\/\/www.k-rogge.de\/spezialisten\/wp-content\/uploads\/2018\/08\/logo-fg-bau.png&#8220; url=&#8220;https:\/\/fg-bau.de\/&#8220; url_new_window=&#8220;on&#8220; align_tablet=&#8220;center&#8220; align_last_edited=&#8220;on|desktop&#8220; admin_label=&#8220;FG Bau&#8220; _builder_version=&#8220;4.16&#8243; global_colors_info=&#8220;{}&#8220; align_phone=&#8220;center&#8220;][\/et_pb_image][\/et_pb_column][et_pb_column type=&#8220;1_4&#8243; _builder_version=&#8220;4.16&#8243; custom_padding=&#8220;|||&#8220; global_colors_info=&#8220;{}&#8220; custom_padding__hover=&#8220;|||&#8220;][et_pb_image src=&#8220;https:\/\/www.k-rogge.de\/spezialisten\/wp-content\/uploads\/2018\/08\/logo-lbh.png&#8220; url=&#8220;https:\/\/www.lehrbauhof-berlin.de\/&#8220; url_new_window=&#8220;on&#8220; align_tablet=&#8220;center&#8220; align_last_edited=&#8220;on|desktop&#8220; admin_label=&#8220;Lehrbauhof&#8220; _builder_version=&#8220;4.16&#8243; global_colors_info=&#8220;{}&#8220; align_phone=&#8220;center&#8220;][\/et_pb_image][\/et_pb_column][\/et_pb_row][et_pb_row _builder_version=&#8220;4.16&#8243; background_size=&#8220;initial&#8220; background_position=&#8220;top_left&#8220; background_repeat=&#8220;repeat&#8220; global_colors_info=&#8220;{}&#8220;][et_pb_column type=&#8220;4_4&#8243; _builder_version=&#8220;4.16&#8243; custom_padding=&#8220;|||&#8220; global_colors_info=&#8220;{}&#8220; custom_padding__hover=&#8220;|||&#8220;][et_pb_text admin_label=&#8220;H3 Bewirb dich jetzt&#8220; _builder_version=&#8220;4.16&#8243; global_colors_info=&#8220;{}&#8220;]<\/p>\n<h3 class=\"ro-normal\">BEWIRB DICH JETZT UM<br \/>\n<em style=\"color: #ff8700;\">EINEN AUSBILDUNGSPLATZ<\/em><\/h3>\n<p>[\/et_pb_text][et_pb_text _builder_version=&#8220;4.16&#8243; text_orientation=&#8220;center&#8220; custom_css_main_element=&#8220;padding-bottom: 30px;&#8220; global_colors_info=&#8220;{}&#8220;]<\/p>\n<p style=\"text-align: center;\">Du hast eine Ausbildung gefunden, die dich interessiert?<\/p>\n<p style=\"text-align: center;\">Sehr gut! Bewirb dich noch heute und wir melden uns so schnell wie m\u00f6glich bei dir zur\u00fcck.<\/p>\n<p>[\/et_pb_text][et_pb_code admin_label=&#8220;Mehr Button&#8220; _builder_version=&#8220;4.16&#8243; text_orientation=&#8220;center&#8220; global_colors_info=&#8220;{}&#8220;]<a href=\"mailto:bewerbung@k-rogge.de\" class=\"ro-button-light\" target=\"_blank\" rel=\"noopener\">JETZT BEWERBEN<\/a>[\/et_pb_code][et_pb_image src=&#8220;https:\/\/www.k-rogge.de\/spezialisten\/wp-content\/uploads\/2018\/08\/formular.jpg&#8220; url=&#8220;mailto:bewerbung@k-rogge.de&#8220; show_bottom_space=&#8220;off&#8220; align=&#8220;center&#8220; align_tablet=&#8220;center&#8220; align_last_edited=&#8220;on|desktop&#8220; admin_label=&#8220;Formular&#8220; _builder_version=&#8220;4.16&#8243; custom_css_main_element=&#8220;padding-top: 40px;&#8220; global_colors_info=&#8220;{}&#8220; align_phone=&#8220;center&#8220;][\/et_pb_image][\/et_pb_column][\/et_pb_row][\/et_pb_section][et_pb_section fb_built=&#8220;1&#8243; _builder_version=&#8220;3.0.106&#8243; background_color=&#8220;#323436&#8243; global_module=&#8220;62&#8243; global_colors_info=&#8220;{}&#8220;][et_pb_row make_equal=&#8220;on&#8220; _builder_version=&#8220;4.16&#8243; width=&#8220;85%&#8220; max_width=&#8220;85%&#8220; module_alignment=&#8220;center&#8220; use_custom_width=&#8220;on&#8220; width_unit=&#8220;off&#8220; custom_width_percent=&#8220;85%&#8220; global_colors_info=&#8220;{}&#8220; column_structure=&#8220;1_4,1_4,1_4,1_4&#8243;][et_pb_column type=&#8220;1_4&#8243; module_class=&#8220;ro-vertical-align&#8220; _builder_version=&#8220;4.16&#8243; custom_padding=&#8220;|||&#8220; global_colors_info=&#8220;{}&#8220; custom_padding__hover=&#8220;|||&#8220;][et_pb_text admin_label=&#8220;Adresse&#8220; module_class=&#8220;ro-footer&#8220; _builder_version=&#8220;4.16&#8243; background_layout=&#8220;dark&#8220; global_colors_info=&#8220;{}&#8220;]<\/p>\n<div style=\"margin: 0 auto;\"><span style=\"color: #ff8700;\">K. Rogge Spezialbau GmbH<\/span><\/p>\n<p>Saatwinkler Damm 13<br \/>13627 Berlin<\/p>\n<\/div>\n<p>[\/et_pb_text][\/et_pb_column][et_pb_column type=&#8220;1_4&#8243; module_class=&#8220;ro-vertical-align&#8220; _builder_version=&#8220;4.16&#8243; custom_padding=&#8220;|||&#8220; global_colors_info=&#8220;{}&#8220; custom_padding__hover=&#8220;|||&#8220;][et_pb_text admin_label=&#8220;Kontakt&#8220; module_class=&#8220;ro-footer&#8220; _builder_version=&#8220;4.16&#8243; background_layout=&#8220;dark&#8220; global_colors_info=&#8220;{}&#8220;]<\/p>\n<div style=\"margin: 0 auto;\"><span style=\"color: #ff8700;\">T <\/span> (030) 34 68 01 0<br \/><span style=\"color: #ff8700;\">F <\/span> (030) 34 52 96 1<br \/><span style=\"color: #ff8700;\">M <\/span> <a class=\"ro-footer-li-hover\" style=\"color: #ffffff;\" href=\"mailto:info@k-rogge.de\">info@k-rogge.de<\/a><\/div>\n<p>[\/et_pb_text][\/et_pb_column][et_pb_column type=&#8220;1_4&#8243; module_class=&#8220;ro-vertical-align&#8220; _builder_version=&#8220;4.16&#8243; custom_padding=&#8220;|||&#8220; global_colors_info=&#8220;{}&#8220; custom_padding__hover=&#8220;|||&#8220;][et_pb_code admin_label=&#8220;Social Icons&#8220; _builder_version=&#8220;4.16&#8243; text_orientation=&#8220;center&#8220; global_colors_info=&#8220;{}&#8220;]<a href=\"https:\/\/de-de.facebook.com\/kroggespezialbau\/\"><img decoding=\"async\" src=\"https:\/\/www.k-rogge.de\/spezialisten\/wp-content\/uploads\/2018\/08\/Facebook.svg\" alt=\"Facebook\" class=\"ro-footer-social-icon style-svg\" style=\"height: 46px\"><\/a><a href=\"https:\/\/www.instagram.com\/k.rogge_spezialbau_gmbh\/\"><img decoding=\"async\" src=\"https:\/\/www.k-rogge.de\/spezialisten\/wp-content\/uploads\/2018\/08\/Instagram.svg\" alt=\"Instagram\" class=\"ro-footer-social-icon style-svg\" style=\"height: 46px\"><\/a><a href=\"https:\/\/www.youtube.com\/channel\/UCZXUcOYt-Bz-VeYBNB8-SsA\"><img decoding=\"async\" src=\"https:\/\/www.k-rogge.de\/spezialisten\/wp-content\/uploads\/2018\/08\/Youtube.svg\" alt=\"Youtube\" class=\"ro-footer-social-icon style-svg\" style=\"height: 46px\"><\/a>[\/et_pb_code][\/et_pb_column][et_pb_column type=&#8220;1_4&#8243; module_class=&#8220;ro-vertical-align&#8220; _builder_version=&#8220;4.16&#8243; custom_padding=&#8220;|||&#8220; global_colors_info=&#8220;{}&#8220; custom_padding__hover=&#8220;|||&#8220;][et_pb_code _builder_version=&#8220;4.16&#8243; text_orientation=&#8220;left&#8220; width=&#8220;80%&#8220; max_width=&#8220;1080px&#8220; global_colors_info=&#8220;{}&#8220;]<img decoding=\"async\" src=\"https:\/\/www.k-rogge.de\/spezialisten\/wp-content\/uploads\/2018\/08\/rogge_wms_logo274x71.svg\" class=\"style-svg\">[\/et_pb_code][\/et_pb_column][\/et_pb_row][\/et_pb_section]<\/p>\n","protected":false},"excerpt":{"rendered":"<p>DEINE AUSBILDUNG ZUM SPEZIALISTEN Stuckateur (m\/w\/d) Als Stuckateur brauchst du eine ruhige Hand und eine Prise Sch\u00f6pfungskraft. Du verputzt W\u00e4nde und verzierst sie mit kunstvollen Ornamenten. Auch das Restaurieren von historischen Stuckelementen geh\u00f6rt zu deinen Aufgaben. MEHR ERFAHREN Trockenbau- monteur (m\/w\/d) Als Trockenbaumonteur\u00a0verwandelst du den Traum zum Raum. Deine Arbeit beginnt, wenn der Rohbau steht: [&hellip;]<\/p>\n","protected":false},"author":1,"featured_media":0,"parent":0,"menu_order":0,"comment_status":"closed","ping_status":"closed","template":"","meta":{"_et_pb_use_builder":"on","_et_pb_old_content":"","_et_gb_content_width":"","inline_featured_image":false,"footnotes":""},"_links":{"self":[{"href":"https:\/\/www.k-rogge.de\/spezialisten\/wp-json\/wp\/v2\/pages\/94"}],"collection":[{"href":"https:\/\/www.k-rogge.de\/spezialisten\/wp-json\/wp\/v2\/pages"}],"about":[{"href":"https:\/\/www.k-rogge.de\/spezialisten\/wp-json\/wp\/v2\/types\/page"}],"author":[{"embeddable":true,"href":"https:\/\/www.k-rogge.de\/spezialisten\/wp-json\/wp\/v2\/users\/1"}],"replies":[{"embeddable":true,"href":"https:\/\/www.k-rogge.de\/spezialisten\/wp-json\/wp\/v2\/comments?post=94"}],"version-history":[{"count":33,"href":"https:\/\/www.k-rogge.de\/spezialisten\/wp-json\/wp\/v2\/pages\/94\/revisions"}],"predecessor-version":[{"id":703,"href":"https:\/\/www.k-rogge.de\/spezialisten\/wp-json\/wp\/v2\/pages\/94\/revisions\/703"}],"wp:attachment":[{"href":"https:\/\/www.k-rogge.de\/spezialisten\/wp-json\/wp\/v2\/media?parent=94"}],"curies":[{"name":"wp","href":"https:\/\/api.w.org\/{rel}","templated":true}]}}